{"id":728,"date":"2024-10-31T15:01:42","date_gmt":"2024-10-31T20:01:42","guid":{"rendered":"https:\/\/dev.aycsite.com\/wp\/my-account-3\/"},"modified":"2024-11-01T07:02:09","modified_gmt":"2024-11-01T12:02:09","slug":"my-account-3","status":"publish","type":"page","link":"https:\/\/aycsite.com\/sv\/my-account-3\/","title":{"rendered":"Mitt Konto"},"content":{"rendered":"<p>[et_pb_section fb_built=&#8221;1&#8243; disabled_on=&#8221;off|off|off&#8221; _builder_version=&#8221;4.17.4&#8243; _module_preset=&#8221;default&#8221; custom_padding=&#8221;0px||0px||true|false&#8221; sticky_position=&#8221;top&#8221; global_module=&#8221;198&#8243; saved_tabs=&#8221;all&#8221; global_colors_info=&#8221;{}&#8221;][et_pb_row column_structure=&#8221;1_4,1_2,1_4&#8243; use_custom_gutter=&#8221;on&#8221; make_equal=&#8221;on&#8221; disabled_on=&#8221;on|on|off&#8221; _builder_version=&#8221;4.16&#8243; _module_preset=&#8221;default&#8221; max_width=&#8221;2560px&#8221; custom_padding=&#8221;15px||15px||true|false&#8221; global_colors_info=&#8221;{}&#8221;][et_pb_column type=&#8221;1_4&#8243; _builder_version=&#8221;4.16&#8243; _module_preset=&#8221;default&#8221; custom_css_main_element=&#8221;margin:auto;&#8221; global_colors_info=&#8221;{}&#8221;][et_pb_text _builder_version=&#8221;4.17.4&#8243; _module_preset=&#8221;default&#8221; header_3_font=&#8221;SF-UI-Display-Regular||||||||&#8221; global_colors_info=&#8221;{}&#8221;]<\/p>\n<h3 style=\"text-align: right;\">\n<h3 style=\"text-align: center;\"><img decoding=\"async\" src=\"https:\/\/aycsite.com\/wp-content\/uploads\/logo-aycite.png\"><\/h3>\n<\/h3>\n<p>[\/et_pb_text][\/et_pb_column][et_pb_column type=&#8221;1_2&#8243; _builder_version=&#8221;4.16&#8243; _module_preset=&#8221;default&#8221; custom_css_main_element=&#8221;margin:auto;&#8221; global_colors_info=&#8221;{}&#8221;][et_pb_menu active_link_color=&#8221;#306672&#8243; _builder_version=&#8221;4.17.4&#8243; _module_preset=&#8221;default&#8221; menu_font=&#8221;|||on|||||&#8221; menu_text_color=&#8221;#73b4cd&#8221; menu_font_size=&#8221;18px&#8221; background_color=&#8221;rgba(255,255,255,0)&#8221; global_colors_info=&#8221;{}&#8221;][\/et_pb_menu][\/et_pb_column][et_pb_column type=&#8221;1_4&#8243; _builder_version=&#8221;4.16&#8243; _module_preset=&#8221;default&#8221; custom_css_main_element=&#8221;margin:auto;&#8221; global_colors_info=&#8221;{}&#8221;][et_pb_code _builder_version=&#8221;4.16&#8243; _module_preset=&#8221;default&#8221; custom_margin=&#8221;|||0px|false|false&#8221; custom_padding=&#8221;|||0px|false|false&#8221; global_colors_info=&#8221;{}&#8221;]<\/p>\n<div style=\"margin-left:-100px;\"><!-- [et_pb_line_break_holder] -->  <a href=\"https:\/\/aycsite.com\/sv\/register\/\" style=\"color:white!important;<!-- [et_pb_line_break_holder] -->\tpadding: 15px 25px 15px 25px !important;<!-- [et_pb_line_break_holder] -->\tbackground: #ed5d2d;<!-- [et_pb_line_break_holder] -->\tborder-radius:20px;<!-- [et_pb_line_break_holder] -->\tborder:2px solid;&#8221;>SIGN UP<\/a><!-- [et_pb_line_break_holder] --><!-- [et_pb_line_break_holder] --><a href=\"https:>\tpadding: 15px 25px 15px 25px !important;<!-- [et_pb_line_break_holder] -->\tbackground: #ffff;<!-- [et_pb_line_break_holder] -->\tborder-radius:20px;<!-- [et_pb_line_break_holder] -->\tborder:2px solid; margin-left:10px;&#8221;>LOG IN<\/a><!-- [et_pb_line_break_holder] --><\/div>\n<p>[\/et_pb_code][\/et_pb_column][\/et_pb_row][et_pb_row column_structure=&#8221;1_4,3_4&#8243; use_custom_gutter=&#8221;on&#8221; gutter_width=&#8221;1&#8243; make_equal=&#8221;on&#8221; disabled_on=&#8221;off|off|on&#8221; _builder_version=&#8221;4.16&#8243; _module_preset=&#8221;default&#8221; custom_padding=&#8221;10px||10px||true|false&#8221; global_colors_info=&#8221;{}&#8221;][et_pb_column type=&#8221;1_4&#8243; _builder_version=&#8221;4.16&#8243; _module_preset=&#8221;default&#8221; custom_css_main_element=&#8221;margin:auto;&#8221; global_colors_info=&#8221;{}&#8221;][et_pb_text _builder_version=&#8221;4.17.4&#8243; _module_preset=&#8221;default&#8221; header_3_font=&#8221;SF-UI-Display-Regular||||||||&#8221; global_colors_info=&#8221;{}&#8221;]<\/p>\n<h3 style=\"text-align: center;\"><img decoding=\"async\" src=\"https:\/\/aycsite.com\/wp-content\/uploads\/logo-aycite.png\"><\/h3>\n<p>[\/et_pb_text][\/et_pb_column][et_pb_column type=&#8221;3_4&#8243; _builder_version=&#8221;4.16&#8243; _module_preset=&#8221;default&#8221; custom_css_main_element=&#8221;margin:auto;&#8221; global_colors_info=&#8221;{}&#8221;][et_pb_menu menu_id=&#8221;6&#8243; menu_style=&#8221;centered&#8221; active_link_color=&#8221;#306672&#8243; _builder_version=&#8221;4.17.4&#8243; _module_preset=&#8221;default&#8221; menu_font=&#8221;|||on|||||&#8221; menu_text_color=&#8221;#73b4cd&#8221; menu_font_size=&#8221;18px&#8221; background_color=&#8221;#FFFFFF&#8221; global_colors_info=&#8221;{}&#8221;][\/et_pb_menu][\/et_pb_column][\/et_pb_row][\/et_pb_section][et_pb_section fb_built=&#8221;1&#8243; _builder_version=&#8221;4.17.4&#8243; _module_preset=&#8221;default&#8221; background_color=&#8221;#FFFFFF&#8221; hover_enabled=&#8221;0&#8243; global_colors_info=&#8221;{}&#8221; sticky_enabled=&#8221;0&#8243;][et_pb_row _builder_version=&#8221;4.17.4&#8243; _module_preset=&#8221;default&#8221; max_width=&#8221;100%&#8221; global_colors_info=&#8221;{}&#8221;][et_pb_column type=&#8221;4_4&#8243; _builder_version=&#8221;4.16&#8243; _module_preset=&#8221;default&#8221; global_colors_info=&#8221;{}&#8221;][et_pb_code _builder_version=&#8221;4.17.4&#8243; _module_preset=&#8221;default&#8221; global_colors_info=&#8221;{}&#8221;]<\/p>\n<style><!-- [et_pb_line_break_holder] -->.section-title h2:before {<!-- [et_pb_line_break_holder] -->    left: 0;<!-- [et_pb_line_break_holder] -->}<!-- [et_pb_line_break_holder] -->.section-title h2:before, .section-title h2:after {<!-- [et_pb_line_break_holder] -->    content: \"\";<!-- [et_pb_line_break_holder] -->    width: 10px;<!-- [et_pb_line_break_holder] -->    height: 10px;<!-- [et_pb_line_break_holder] -->    background: #ff5723;<!-- [et_pb_line_break_holder] -->    position: absolute;<!-- [et_pb_line_break_holder] -->    transform: rotate(<!-- [et_pb_line_break_holder] -->45deg);<!-- [et_pb_line_break_holder] -->    bottom: -6px;<!-- [et_pb_line_break_holder] -->}<!-- [et_pb_line_break_holder] --><!-- [et_pb_line_break_holder] -->.section-title h2:after {<!-- [et_pb_line_break_holder] -->    right: 0;<!-- [et_pb_line_break_holder] -->}<!-- [et_pb_line_break_holder] --><!-- [et_pb_line_break_holder] -->.section-title h2:before, .section-title h2:after {<!-- [et_pb_line_break_holder] -->    content: \"\";<!-- [et_pb_line_break_holder] -->    width: 10px;<!-- [et_pb_line_break_holder] -->    height: 10px;<!-- [et_pb_line_break_holder] -->    background: #ff5723;<!-- [et_pb_line_break_holder] -->    position: absolute;<!-- [et_pb_line_break_holder] -->    transform: rotate(<!-- [et_pb_line_break_holder] -->45deg);<!-- [et_pb_line_break_holder] -->    bottom: -6px;<!-- [et_pb_line_break_holder] -->}<!-- [et_pb_line_break_holder] -->  .section-title h2 {<!-- [et_pb_line_break_holder] -->    color: #ff5723;<!-- [et_pb_line_break_holder] -->    font-size: 40px;<!-- [et_pb_line_break_holder] -->    letter-spacing: 1px;<!-- [et_pb_line_break_holder] -->    position: relative;<!-- [et_pb_line_break_holder] -->    border-bottom: 2px solid #ff5723;<!-- [et_pb_line_break_holder] -->    display: inline-block;<!-- [et_pb_line_break_holder] -->    text-align: center;<!-- [et_pb_line_break_holder] -->    padding: 0 14px 5px;<!-- [et_pb_line_break_holder] -->    margin-bottom: 25px;<!-- [et_pb_line_break_holder] -->}<!-- [et_pb_line_break_holder] --><\/style>\n<p><!-- [et_pb_line_break_holder] --><!-- [et_pb_line_break_holder] --><center><!-- [et_pb_line_break_holder] --> <\/p>\n<div class=\"join-our-team-block section-title\"><!-- [et_pb_line_break_holder] -->                                      <\/p>\n<h2>Kontopanel<\/h2>\n<p><!-- [et_pb_line_break_holder] -->                                                    <!-- [et_pb_line_break_holder] -->                 <!-- [et_pb_line_break_holder] -->                                  <\/div>\n<p><!-- [et_pb_line_break_holder] --><\/center>[\/et_pb_code][et_pb_text _builder_version=&#8221;4.17.4&#8243; _module_preset=&#8221;default&#8221; text_text_color=&#8221;#535353&#8243; text_font_size=&#8221;22px&#8221; text_line_height=&#8221;1.8em&#8221; header_2_text_color=&#8221;#ed5d2e&#8221; header_2_font_size=&#8221;40px&#8221; text_font_size_tablet=&#8221;18px&#8221; text_font_size_phone=&#8221;18px&#8221; text_font_size_last_edited=&#8221;on|tablet&#8221; global_colors_info=&#8221;{}&#8221;][iv_membership_profile_template][\/et_pb_text][\/et_pb_column][\/et_pb_row][\/et_pb_section][et_pb_section fb_built=&#8221;1&#8243; _builder_version=&#8221;4.16&#8243; _module_preset=&#8221;default&#8221; background_color=&#8221;#306672&#8243; custom_padding=&#8221;0px||0px|||&#8221; global_colors_info=&#8221;{}&#8221;][et_pb_row _builder_version=&#8221;4.16&#8243; _module_preset=&#8221;default&#8221; global_colors_info=&#8221;{}&#8221;][et_pb_column type=&#8221;4_4&#8243; _builder_version=&#8221;4.16&#8243; _module_preset=&#8221;default&#8221; global_colors_info=&#8221;{}&#8221;][et_pb_code _builder_version=&#8221;4.16&#8243; _module_preset=&#8221;default&#8221; global_colors_info=&#8221;{}&#8221;]<div id=\"mtphr-dnt-63\" class=\"mtphr-dnt mtphr-dnt-63 mtphr-dnt-default mtphr-dnt-scroll mtphr-dnt-scroll-left\"><div class=\"mtphr-dnt-wrapper mtphr-dnt-clearfix\"><div class=\"mtphr-dnt-tick-container\"><div class=\"mtphr-dnt-tick-contents\"><div class=\"mtphr-dnt-tick mtphr-dnt-default-tick mtphr-dnt-clearfix\"><div style=\"color:white;font-size:25px\">\r\n\r\n<strong style=\"margin-left:20px;margin-right:5px\">V\u00e5rt l\u00f6fte:<\/strong>      AYC: \u00e4r dedikerat till att hj\u00e4lpa de som l\u00e4mnats i m\u00f6rkret\r\n\r\n\r\n                          \t\r\n<strong style=\"margin-left:20px;margin-right:5px\">Inga s\u00f6kresultat hittades:<\/strong>      Om du f\u00e5r ett s\u00f6kresultat som inte hittades, oroa dig inte. Din s\u00f6kning sparas i v\u00e5r databas, och du kommer att f\u00e5 en notifikation fr\u00e5n oss s\u00e5 snart en anslutning g\u00f6rs.\u00a0\r\n\r\n \r\n                          \t\r\n<strong style=\"margin-left:20px;margin-right:5px\">Politik och skandaler:<\/strong>      Uppdatering om offentliga tj\u00e4nstem\u00e4n som \u00e5kt fast\r\n\r\n\r\n \r\n                          \t\r\n<strong style=\"margin-left:20px;margin-right:5px\">Sp\u00e4nnande funktioner:<\/strong>      Resultat i realtid och exakta procentanslutningar\u00a0\r\n<\/div><\/div><\/div><\/div><\/div><\/div>[\/et_pb_code][\/et_pb_column][\/et_pb_row][\/et_pb_section][et_pb_section fb_built=&#8221;1&#8243; _builder_version=&#8221;4.16&#8243; _module_preset=&#8221;default&#8221; custom_padding=&#8221;0px||28px|||&#8221; global_colors_info=&#8221;{}&#8221;][\/et_pb_section][et_pb_section fb_built=&#8221;1&#8243; _builder_version=&#8221;4.12.1&#8243; _module_preset=&#8221;default&#8221; background_color=&#8221;#3f3f3f&#8221; top_divider_style=&#8221;wave&#8221; top_divider_color=&#8221;#FFFFFF&#8221; global_module=&#8221;136&#8243; saved_tabs=&#8221;all&#8221; global_colors_info=&#8221;{}&#8221;][et_pb_row column_structure=&#8221;1_3,1_3,1_3&#8243; _builder_version=&#8221;4.16&#8243; _module_preset=&#8221;default&#8221; custom_margin=&#8221;40px||0px||false|false&#8221; custom_padding=&#8221;||0px||false|false&#8221; global_colors_info=&#8221;{}&#8221;][et_pb_column type=&#8221;1_3&#8243; _builder_version=&#8221;4.16&#8243; _module_preset=&#8221;default&#8221; global_colors_info=&#8221;{}&#8221;][et_pb_image src=&#8221;https:\/\/aycsite.com\/wp-content\/uploads\/logo.png&#8221; title_text=&#8221;logo&#8221; _builder_version=&#8221;4.16&#8243; _module_preset=&#8221;default&#8221; global_colors_info=&#8221;{}&#8221;][\/et_pb_image][\/et_pb_column][et_pb_column type=&#8221;1_3&#8243; _builder_version=&#8221;4.16&#8243; _module_preset=&#8221;default&#8221; global_colors_info=&#8221;{}&#8221;][et_pb_text ul_type=&#8221;none&#8221; _builder_version=&#8221;4.16&#8243; _module_preset=&#8221;default&#8221; text_text_color=&#8221;#FFFFFF&#8221; ul_line_height=&#8221;2.2em&#8221; header_4_text_color=&#8221;#FFFFFF&#8221; header_4_font_size=&#8221;20px&#8221; global_colors_info=&#8221;{}&#8221;]<\/p>\n<h4>Anv\u00e4ndbara L\u00e4nkar<\/h4>\n<ul>\n<li>\u00bb\u00a0 \u00a0 \u00a0<a href=\"https:\/\/aycsite.com\/sv\/\" style=\"color: white;\">Hem<\/a><\/li>\n<li>\u00bb\u00a0 \u00a0 \u00a0<a href=\"https:\/\/aycsite.com\/sv\/about\/\" style=\"color: white;\">Om<\/a><\/li>\n<li>\u00bb\u00a0 \u00a0 \u00a0<a href=\"https:\/\/aycsite.com\/sv\/associates\/\" style=\"color: white;\">Partners<\/a><\/li>\n<li>\u00bb\u00a0 \u00a0 <a href=\"https:\/\/aycsite.com\/sv\/faqs\/\" style=\"color: white;\">\u00a0FAQs<\/a><\/li>\n<li>\u00bb\u00a0 \u00a0 \u00a0<a href=\"https:\/\/aycsite.com\/sv\/contact\/\" style=\"color: white;\">Kontakt<\/a><\/li>\n<\/ul>\n<p>[\/et_pb_text][\/et_pb_column][et_pb_column type=&#8221;1_3&#8243; _builder_version=&#8221;4.16&#8243; _module_preset=&#8221;default&#8221; global_colors_info=&#8221;{}&#8221;][et_pb_text ul_type=&#8221;none&#8221; _builder_version=&#8221;4.16&#8243; _module_preset=&#8221;default&#8221; text_text_color=&#8221;#FFFFFF&#8221; ul_line_height=&#8221;2.2em&#8221; header_4_text_color=&#8221;#FFFFFF&#8221; header_4_font_size=&#8221;20px&#8221; global_colors_info=&#8221;{}&#8221;]<\/p>\n<h4>Kontakta Oss<\/h4>\n<p><a href=\"mailto:support@areyoucheating.com\" style=\"color: white;\">support@areyoucheating.com<\/a><\/p>\n<p>[\/et_pb_text][et_pb_social_media_follow _builder_version=&#8221;4.16&#8243; _module_preset=&#8221;default&#8221; custom_margin=&#8221;0px||||false|false&#8221; custom_padding=&#8221;0px||||false|false&#8221; global_colors_info=&#8221;{}&#8221;][et_pb_social_media_follow_network social_network=&#8221;facebook&#8221; url=&#8221;https:\/\/www.facebook.com\/aycsitecom&#8221; icon_color=&#8221;#3b5998&#8243; _builder_version=&#8221;4.16&#8243; _module_preset=&#8221;default&#8221; background_color=&#8221;#f5f5f5&#8243; background_enable_color=&#8221;on&#8221; global_colors_info=&#8221;{}&#8221; follow_button=&#8221;off&#8221; url_new_window=&#8221;on&#8221;]facebook[\/et_pb_social_media_follow_network][et_pb_social_media_follow_network social_network=&#8221;twitter&#8221; url=&#8221;https:\/\/twitter.com\/areyoucheating&#8221; icon_color=&#8221;#00aced&#8221; _builder_version=&#8221;4.16&#8243; _module_preset=&#8221;default&#8221; background_color=&#8221;#f5f5f5&#8243; background_enable_color=&#8221;on&#8221; global_colors_info=&#8221;{}&#8221; follow_button=&#8221;off&#8221; url_new_window=&#8221;on&#8221;]twitter[\/et_pb_social_media_follow_network][et_pb_social_media_follow_network social_network=&#8221;youtube&#8221; url=&#8221;https:\/\/www.youtube.com\/channel\/UC9jQEQciZ0ai6ZaXVP5xrIw\/featured&#8221; icon_color=&#8221;#a82400&#8243; _builder_version=&#8221;4.16&#8243; _module_preset=&#8221;default&#8221; background_color=&#8221;#f5f5f5&#8243; background_enable_color=&#8221;on&#8221; global_colors_info=&#8221;{}&#8221; follow_button=&#8221;off&#8221; url_new_window=&#8221;on&#8221;]youtube[\/et_pb_social_media_follow_network][et_pb_social_media_follow_network social_network=&#8221;instagram&#8221; url=&#8221;https:\/\/www.instagram.com\/aycsite\/&#8221; icon_color=&#8221;#ea2c59&#8243; _builder_version=&#8221;4.16&#8243; _module_preset=&#8221;default&#8221; background_color=&#8221;#f5f5f5&#8243; background_enable_color=&#8221;on&#8221; global_colors_info=&#8221;{}&#8221; follow_button=&#8221;off&#8221; url_new_window=&#8221;on&#8221;]instagram[\/et_pb_social_media_follow_network][\/et_pb_social_media_follow][\/et_pb_column][\/et_pb_row][\/et_pb_section][et_pb_section fb_built=&#8221;1&#8243; _builder_version=&#8221;4.12.1&#8243; _module_preset=&#8221;default&#8221; background_color=&#8221;#63a5bf&#8221; custom_padding=&#8221;0px||0px|||&#8221; global_module=&#8221;137&#8243; saved_tabs=&#8221;all&#8221; global_colors_info=&#8221;{}&#8221;][et_pb_row column_structure=&#8221;1_2,1_2&#8243; _builder_version=&#8221;4.16&#8243; _module_preset=&#8221;default&#8221; global_colors_info=&#8221;{}&#8221;][et_pb_column type=&#8221;1_2&#8243; _builder_version=&#8221;4.16&#8243; _module_preset=&#8221;default&#8221; global_colors_info=&#8221;{}&#8221;][et_pb_text _builder_version=&#8221;4.16&#8243; _module_preset=&#8221;default&#8221; text_text_color=&#8221;#FFFFFF&#8221; text_font_size=&#8221;14px&#8221; text_orientation_tablet=&#8221;center&#8221; text_orientation_phone=&#8221;center&#8221; text_orientation_last_edited=&#8221;on|tablet&#8221; global_colors_info=&#8221;{}&#8221;]<\/p>\n<p><span>\u00a9 2021. AYCSite.com, LLC. Alla R\u00e4ttigheter F\u00f6rbeh\u00e5llna<\/span><\/p>\n<p>[\/et_pb_text][\/et_pb_column][et_pb_column type=&#8221;1_2&#8243; _builder_version=&#8221;4.16&#8243; _module_preset=&#8221;default&#8221; global_colors_info=&#8221;{}&#8221;][et_pb_text _builder_version=&#8221;4.16&#8243; _module_preset=&#8221;default&#8221; text_text_color=&#8221;#FFFFFF&#8221; text_font_size=&#8221;14px&#8221; text_orientation=&#8221;right&#8221; text_orientation_tablet=&#8221;center&#8221; text_orientation_phone=&#8221;center&#8221; text_orientation_last_edited=&#8221;on|tablet&#8221; global_colors_info=&#8221;{}&#8221;]<span><a href=\"https:\/\/aycsite.com\/sv\/terms-of-use\/\" style=\"color:white;\">Anv\u00e4ndarvillkor<\/a> | <a href=\"https:\/\/aycsite.com\/sv\/privacy-policy\/\" style=\"color:white;\">Integritetspolicy<\/a><\/span>[\/et_pb_text][\/et_pb_column][\/et_pb_row][\/et_pb_section]<\/p>","protected":false},"excerpt":{"rendered":"","protected":false},"author":1,"featured_media":0,"parent":0,"menu_order":0,"comment_status":"closed","ping_status":"closed","template":"","meta":{"_et_pb_use_builder":"on","_et_pb_old_content":"[iv_membership_profile_template]","_et_gb_content_width":"","pmpro_default_level":"","footnotes":""},"class_list":["post-728","page","type-page","status-publish","hentry","pmpro-has-access"],"aioseo_notices":[],"_links":{"self":[{"href":"https:\/\/aycsite.com\/sv\/wp-json\/wp\/v2\/pages\/728","targetHints":{"allow":["GET"]}}],"collection":[{"href":"https:\/\/aycsite.com\/sv\/wp-json\/wp\/v2\/pages"}],"about":[{"href":"https:\/\/aycsite.com\/sv\/wp-json\/wp\/v2\/types\/page"}],"author":[{"embeddable":true,"href":"https:\/\/aycsite.com\/sv\/wp-json\/wp\/v2\/users\/1"}],"replies":[{"embeddable":true,"href":"https:\/\/aycsite.com\/sv\/wp-json\/wp\/v2\/comments?post=728"}],"version-history":[{"count":3,"href":"https:\/\/aycsite.com\/sv\/wp-json\/wp\/v2\/pages\/728\/revisions"}],"predecessor-version":[{"id":757,"href":"https:\/\/aycsite.com\/sv\/wp-json\/wp\/v2\/pages\/728\/revisions\/757"}],"wp:attachment":[{"href":"https:\/\/aycsite.com\/sv\/wp-json\/wp\/v2\/media?parent=728"}],"curies":[{"name":"wp","href":"https:\/\/api.w.org\/{rel}","templated":true}]}}