{"id":18,"date":"2021-10-28T19:47:36","date_gmt":"2021-10-29T00:47:36","guid":{"rendered":"https:\/\/dev.aycsite.com\/wp\/?page_id=18"},"modified":"2025-03-20T15:59:20","modified_gmt":"2025-03-20T20:59:20","slug":"about","status":"publish","type":"page","link":"https:\/\/aycsite.com\/sv\/about\/","title":{"rendered":"Om"},"content":{"rendered":"<p>[et_pb_section fb_built=&#8221;1&#8243; disabled_on=&#8221;off|off|off&#8221; _builder_version=&#8221;4.17.4&#8243; _module_preset=&#8221;default&#8221; custom_padding=&#8221;0px||0px||true|false&#8221; sticky_position=&#8221;top&#8221; global_module=&#8221;198&#8243; saved_tabs=&#8221;all&#8221; global_colors_info=&#8221;{}&#8221;][\/et_pb_section][et_pb_section fb_built=&#8221;1&#8243; _builder_version=&#8221;4.17.4&#8243; _module_preset=&#8221;default&#8221; background_color=&#8221;#f1f5f6&#8243; global_colors_info=&#8221;{}&#8221;][et_pb_row disabled_on=&#8221;on|on|on&#8221; _builder_version=&#8221;4.17.4&#8243; _module_preset=&#8221;default&#8221; width_tablet=&#8221;700px&#8221; width_phone=&#8221;85%&#8221; width_last_edited=&#8221;on|phone&#8221; custom_padding=&#8221;0px||0px||false|false&#8221; disabled=&#8221;on&#8221; global_colors_info=&#8221;{}&#8221;][et_pb_column type=&#8221;4_4&#8243; _builder_version=&#8221;4.16&#8243; _module_preset=&#8221;default&#8221; global_colors_info=&#8221;{}&#8221;][et_pb_contact_form captcha=&#8221;off&#8221; submit_button_text=&#8221;Search&#8221; disabled_on=&#8221;off|on|on&#8221; _builder_version=&#8221;4.16&#8243; _module_preset=&#8221;default&#8221; _unique_id=&#8221;b8855dd4-4c17-4a86-b401-b44045cb71b8&#8243; form_field_font=&#8221;SF-UI-Display-Regular||||||||&#8221; form_field_font_size=&#8221;16px&#8221; custom_button=&#8221;on&#8221; button_text_size=&#8221;16px&#8221; button_text_color=&#8221;#FFFFFF&#8221; button_bg_color=&#8221;#ed5d2e&#8221; button_border_width=&#8221;2.5px&#8221; button_border_color=&#8221;#ed5d2e&#8221; button_border_radius=&#8221;3px&#8221; border_width_all=&#8221;1px&#8221; border_color_all=&#8221;#ed5d2e&#8221; global_colors_info=&#8221;{}&#8221;][et_pb_contact_field field_id=&#8221;Phonedig&#8221; field_title=&#8221;Enter The Last Four Digits of a Phone Number&#8221; fullwidth_field=&#8221;on&#8221; _builder_version=&#8221;4.16&#8243; form_field_background_color=&#8221;rgba(255,255,255,0.86)&#8221; border_radii=&#8221;on|3px|3px|3px|3px&#8221; global_colors_info=&#8221;{}&#8221; button_text_size__hover_enabled=&#8221;off&#8221; button_one_text_size__hover_enabled=&#8221;off&#8221; button_two_text_size__hover_enabled=&#8221;off&#8221; button_text_color__hover_enabled=&#8221;off&#8221; button_one_text_color__hover_enabled=&#8221;off&#8221; button_two_text_color__hover_enabled=&#8221;off&#8221; button_border_width__hover_enabled=&#8221;off&#8221; button_one_border_width__hover_enabled=&#8221;off&#8221; button_two_border_width__hover_enabled=&#8221;off&#8221; button_border_color__hover_enabled=&#8221;off&#8221; button_one_border_color__hover_enabled=&#8221;off&#8221; button_two_border_color__hover_enabled=&#8221;off&#8221; button_border_radius__hover_enabled=&#8221;off&#8221; button_one_border_radius__hover_enabled=&#8221;off&#8221; button_two_border_radius__hover_enabled=&#8221;off&#8221; button_letter_spacing__hover_enabled=&#8221;off&#8221; button_one_letter_spacing__hover_enabled=&#8221;off&#8221; button_two_letter_spacing__hover_enabled=&#8221;off&#8221; button_bg_color__hover_enabled=&#8221;off&#8221; button_one_bg_color__hover_enabled=&#8221;off&#8221; button_two_bg_color__hover_enabled=&#8221;off&#8221;][\/et_pb_contact_field][\/et_pb_contact_form][et_pb_contact_form captcha=&#8221;off&#8221; submit_button_text=&#8221;Search&#8221; disabled_on=&#8221;on|off|off&#8221; module_class=&#8221;dd_single_line_form&#8221; _builder_version=&#8221;4.16&#8243; _module_preset=&#8221;default&#8221; _unique_id=&#8221;4b004e75-47ad-453d-80b7-c19dd60aa3b3&#8243; form_field_font=&#8221;SF-UI-Display-Regular||||||||&#8221; form_field_font_size=&#8221;16px&#8221; custom_button=&#8221;on&#8221; button_text_size=&#8221;16px&#8221; button_text_color=&#8221;#FFFFFF&#8221; button_bg_color=&#8221;#ed5d2e&#8221; button_border_width=&#8221;2.5px&#8221; button_border_color=&#8221;#ed5d2e&#8221; button_border_radius=&#8221;3px&#8221; border_width_all=&#8221;1px&#8221; border_color_all=&#8221;#ed5d2e&#8221; global_colors_info=&#8221;{}&#8221;][et_pb_contact_field field_id=&#8221;Phonedig&#8221; field_title=&#8221;Enter The Last Four Digits of a Phone Number&#8221; fullwidth_field=&#8221;on&#8221; _builder_version=&#8221;4.16&#8243; form_field_background_color=&#8221;rgba(255,255,255,0.86)&#8221; border_radii=&#8221;on|3px|3px|3px|3px&#8221; global_colors_info=&#8221;{}&#8221; button_text_size__hover_enabled=&#8221;off&#8221; button_one_text_size__hover_enabled=&#8221;off&#8221; button_two_text_size__hover_enabled=&#8221;off&#8221; button_text_color__hover_enabled=&#8221;off&#8221; button_one_text_color__hover_enabled=&#8221;off&#8221; button_two_text_color__hover_enabled=&#8221;off&#8221; button_border_width__hover_enabled=&#8221;off&#8221; button_one_border_width__hover_enabled=&#8221;off&#8221; button_two_border_width__hover_enabled=&#8221;off&#8221; button_border_color__hover_enabled=&#8221;off&#8221; button_one_border_color__hover_enabled=&#8221;off&#8221; button_two_border_color__hover_enabled=&#8221;off&#8221; button_border_radius__hover_enabled=&#8221;off&#8221; button_one_border_radius__hover_enabled=&#8221;off&#8221; button_two_border_radius__hover_enabled=&#8221;off&#8221; button_letter_spacing__hover_enabled=&#8221;off&#8221; button_one_letter_spacing__hover_enabled=&#8221;off&#8221; button_two_letter_spacing__hover_enabled=&#8221;off&#8221; button_bg_color__hover_enabled=&#8221;off&#8221; button_one_bg_color__hover_enabled=&#8221;off&#8221; button_two_bg_color__hover_enabled=&#8221;off&#8221;][\/et_pb_contact_field][\/et_pb_contact_form][\/et_pb_column][\/et_pb_row][et_pb_row _builder_version=&#8221;4.16&#8243; _module_preset=&#8221;default&#8221; global_colors_info=&#8221;{}&#8221;][et_pb_column type=&#8221;4_4&#8243; _builder_version=&#8221;4.16&#8243; _module_preset=&#8221;default&#8221; global_colors_info=&#8221;{}&#8221;][et_pb_image src=&#8221;https:\/\/aycsite.com\/wp-content\/uploads\/about-banner.jpg&#8221; title_text=&#8221;about-banner&#8221; _builder_version=&#8221;4.16&#8243; _module_preset=&#8221;default&#8221; hover_enabled=&#8221;0&#8243; global_colors_info=&#8221;{}&#8221; sticky_enabled=&#8221;0&#8243;][\/et_pb_image][et_pb_code _builder_version=&#8221;4.16&#8243; _module_preset=&#8221;default&#8221; global_colors_info=&#8221;{}&#8221;]<\/p>\n<style><!-- [et_pb_line_break_holder] -->.section-title h2:before {<!-- [et_pb_line_break_holder] -->    left: 0;<!-- [et_pb_line_break_holder] -->}<!-- [et_pb_line_break_holder] -->.section-title h2:before, .section-title h2:after {<!-- [et_pb_line_break_holder] -->    content: \"\";<!-- [et_pb_line_break_holder] -->    width: 10px;<!-- [et_pb_line_break_holder] -->    height: 10px;<!-- [et_pb_line_break_holder] -->    background: #ff5723;<!-- [et_pb_line_break_holder] -->    position: absolute;<!-- [et_pb_line_break_holder] -->    transform: rotate(<!-- [et_pb_line_break_holder] -->45deg);<!-- [et_pb_line_break_holder] -->    bottom: -6px;<!-- [et_pb_line_break_holder] -->}<!-- [et_pb_line_break_holder] --><!-- [et_pb_line_break_holder] -->.section-title h2:after {<!-- [et_pb_line_break_holder] -->    right: 0;<!-- [et_pb_line_break_holder] -->}<!-- [et_pb_line_break_holder] --><!-- [et_pb_line_break_holder] -->.section-title h2:before, .section-title h2:after {<!-- [et_pb_line_break_holder] -->    content: \"\";<!-- [et_pb_line_break_holder] -->    width: 10px;<!-- [et_pb_line_break_holder] -->    height: 10px;<!-- [et_pb_line_break_holder] -->    background: #ff5723;<!-- [et_pb_line_break_holder] -->    position: absolute;<!-- [et_pb_line_break_holder] -->    transform: rotate(<!-- [et_pb_line_break_holder] -->45deg);<!-- [et_pb_line_break_holder] -->    bottom: -6px;<!-- [et_pb_line_break_holder] -->}<!-- [et_pb_line_break_holder] -->  .section-title h2 {<!-- [et_pb_line_break_holder] -->    color: #ff5723;<!-- [et_pb_line_break_holder] -->    font-size: 40px;<!-- [et_pb_line_break_holder] -->    letter-spacing: 1px;<!-- [et_pb_line_break_holder] -->    position: relative;<!-- [et_pb_line_break_holder] -->    border-bottom: 2px solid #ff5723;<!-- [et_pb_line_break_holder] -->    display: inline-block;<!-- [et_pb_line_break_holder] -->    text-align: center;<!-- [et_pb_line_break_holder] -->    padding: 0 14px 5px;<!-- [et_pb_line_break_holder] -->    margin-bottom: 25px;<!-- [et_pb_line_break_holder] -->}<!-- [et_pb_line_break_holder] --><\/style>\n<p><!-- [et_pb_line_break_holder] --><!-- [et_pb_line_break_holder] --><center><!-- [et_pb_line_break_holder] --> <\/p>\n<div class=\"join-our-team-block section-title\"><!-- [et_pb_line_break_holder] -->                                      <\/p>\n<h2>V\u00e5rt uppdrag<\/h2>\n<p><!-- [et_pb_line_break_holder] -->                                                    <!-- [et_pb_line_break_holder] -->                 <!-- [et_pb_line_break_holder] -->                                  <\/div>\n<p><!-- [et_pb_line_break_holder] --><\/center>[\/et_pb_code][et_pb_text _builder_version=&#8221;4.16&#8243; _module_preset=&#8221;default&#8221; text_font_size=&#8221;32px&#8221; header_4_text_color=&#8221;#535353&#8243; header_4_font_size=&#8221;32px&#8221; hover_enabled=&#8221;0&#8243; header_font_size_tablet=&#8221;24px&#8221; header_font_size_phone=&#8221;24px&#8221; header_font_size_last_edited=&#8221;on|tablet&#8221; header_4_font_size_tablet=&#8221;32px&#8221; header_4_font_size_phone=&#8221;21px&#8221; header_4_font_size_last_edited=&#8221;on|phone&#8221; global_colors_info=&#8221;{}&#8221; sticky_enabled=&#8221;0&#8243;]<\/p>\n<div>\n<h1 style=\"text-align: center;\">Ta reda p\u00e5 om din partner \u00e4r otrogen<\/h1>\n<\/div>\n<p>[\/et_pb_text][et_pb_text _builder_version=&#8221;4.16&#8243; _module_preset=&#8221;default&#8221; text_font_size=&#8221;32px&#8221; header_2_text_color=&#8221;rgba(10,10,10,0.71)&#8221; header_2_font_size=&#8221;30px&#8221; header_4_text_color=&#8221;#535353&#8243; header_4_font_size=&#8221;32px&#8221; header_font_size_tablet=&#8221;24px&#8221; header_font_size_phone=&#8221;24px&#8221; header_font_size_last_edited=&#8221;on|tablet&#8221; header_2_font_size_tablet=&#8221;24px&#8221; header_2_font_size_phone=&#8221;24px&#8221; header_2_font_size_last_edited=&#8221;on|tablet&#8221; header_4_font_size_tablet=&#8221;32px&#8221; header_4_font_size_phone=&#8221;21px&#8221; header_4_font_size_last_edited=&#8221;on|phone&#8221; global_colors_info=&#8221;{}&#8221;]<\/p>\n<div>\n<h2 style=\"text-align: center;\">AYC visar dig hur du kan ta reda p\u00e5 om din partner \u00e4r otrogen.<\/h2>\n<\/div>\n<p>[\/et_pb_text][et_pb_text _builder_version=&#8221;4.17.4&#8243; _module_preset=&#8221;default&#8221; text_text_color=&#8221;#535353&#8243; text_font_size=&#8221;22px&#8221; text_line_height=&#8221;1.8em&#8221; header_2_text_color=&#8221;#ed5d2e&#8221; header_2_font_size=&#8221;40px&#8221; text_font_size_tablet=&#8221;18px&#8221; text_font_size_phone=&#8221;18px&#8221; text_font_size_last_edited=&#8221;on|tablet&#8221; global_colors_info=&#8221;{}&#8221;]<\/p>\n<p>De beter sig misst\u00e4nkt. Saker de har sagt och gjort \u00e4r ologiska. Du ficknga dem i l\u00f6gner. Men hur vet du egentligen att din partner inte varit trogen? Ta reda p\u00e5 om din partner \u00e4r otrogen.<\/p>\n<p>[\/et_pb_text][et_pb_text _builder_version=&#8221;4.16&#8243; _module_preset=&#8221;default&#8221; text_font_size=&#8221;32px&#8221; header_2_text_color=&#8221;rgba(10,10,10,0.71)&#8221; header_2_font_size=&#8221;30px&#8221; header_4_text_color=&#8221;#535353&#8243; header_4_font_size=&#8221;32px&#8221; header_2_font_size_tablet=&#8221;24px&#8221; header_2_font_size_phone=&#8221;24px&#8221; header_2_font_size_last_edited=&#8221;on|tablet&#8221; header_4_font_size_tablet=&#8221;32px&#8221; header_4_font_size_phone=&#8221;21px&#8221; header_4_font_size_last_edited=&#8221;on|phone&#8221; global_colors_info=&#8221;{}&#8221;]<\/p>\n<div>\n<h2 style=\"text-align: center;\">V\u00e5rt uppdrag<\/h2>\n<\/div>\n<p>[\/et_pb_text][et_pb_text _builder_version=&#8221;4.16&#8243; _module_preset=&#8221;default&#8221; text_text_color=&#8221;#535353&#8243; text_font_size=&#8221;22px&#8221; text_line_height=&#8221;1.8em&#8221; header_2_text_color=&#8221;#ed5d2e&#8221; header_2_font_size=&#8221;40px&#8221; text_font_size_tablet=&#8221;18px&#8221; text_font_size_phone=&#8221;18px&#8221; text_font_size_last_edited=&#8221;on|tablet&#8221; global_colors_info=&#8221;{}&#8221;]<\/p>\n<p>Att ta reda p\u00e5 om din partner \u00e4r otrogen kan verka om\u00f6jligt. Det \u00e4r d\u00e4rf\u00f6r AreYouCheating.com skapades. V\u00e5r tj\u00e4nst ansluter dig anonymt till din partners andra \u00e4lskare, vilket ger alla \u2014 gifta och singlar \u2014 m\u00f6jlighet att avg\u00f6ra om deras partner \u00e4r otrogen.<\/p>\n<p><span>V\u00e5rt uppdrag \u00e4r att hj\u00e4lpa dig att: snabbt \u00f6vervinna dina misstankar, undvika sexuellt \u00f6verf\u00f6rbara infektioner, spara tid, pengar och energi, uppr\u00e4tth\u00e5lla integritet och s\u00e4kerhet, och g\u00e5 fram\u00e5t med sj\u00e4lvf\u00f6rtroende i h\u00e4lsosamma och transparenta relationer.<\/span><\/p>\n<p>[\/et_pb_text][et_pb_text _builder_version=&#8221;4.16&#8243; _module_preset=&#8221;default&#8221; text_font_size=&#8221;32px&#8221; header_2_text_color=&#8221;rgba(10,10,10,0.71)&#8221; header_2_font_size=&#8221;30px&#8221; header_4_text_color=&#8221;#535353&#8243; header_4_font_size=&#8221;32px&#8221; header_2_font_size_tablet=&#8221;24px&#8221; header_2_font_size_phone=&#8221;24px&#8221; header_2_font_size_last_edited=&#8221;on|tablet&#8221; header_4_font_size_tablet=&#8221;32px&#8221; header_4_font_size_phone=&#8221;21px&#8221; header_4_font_size_last_edited=&#8221;on|phone&#8221; global_colors_info=&#8221;{}&#8221;]<\/p>\n<div>\n<h2 style=\"text-align: center;\">Hur det fungerar<\/h2>\n<\/div>\n<p>[\/et_pb_text][et_pb_text _builder_version=&#8221;4.16&#8243; _module_preset=&#8221;default&#8221; text_text_color=&#8221;#535353&#8243; text_font_size=&#8221;22px&#8221; text_line_height=&#8221;1.8em&#8221; header_2_text_color=&#8221;#ed5d2e&#8221; header_2_font_size=&#8221;40px&#8221; text_font_size_tablet=&#8221;18px&#8221; text_font_size_phone=&#8221;18px&#8221; text_font_size_last_edited=&#8221;on|tablet&#8221; global_colors_info=&#8221;{}&#8221;]<\/p>\n<p>Anv\u00e4nd \"G\u00c5 MED IDAG GRATIS\"-registreringsomr\u00e5det p\u00e5 n\u00e5gon av v\u00e5ra bes\u00f6karsidor f\u00f6r att skapa ditt AYCSite.com-konto. N\u00e4r ditt konto har skapats kan du logga in och skapa din egen profil i avsnittet MITT KONTO.<\/p>\n<p>AYCSite.com kommer att ge dig kraften att b\u00e4ttre navigera dina relationsbeslut.<\/p>\n<p>Enligt skaparna av denna tj\u00e4nst st\u00e5r \"AYC\" f\u00f6r tv\u00e5 saker: \"Are You Cheating\" och \"AIDS in Your Community\". B\u00e5da termerna \u00e4r utbytbara och mycket relevanta f\u00f6r denna tj\u00e4nst och dess anv\u00e4ndarbas.<\/p>\n<p>AYCSite.com anv\u00e4nder en kraftfull, specialdesignad s\u00f6kmotor som kopplar medlemmar med procentsatser fr\u00e5n 25\u202f% till 100\u202f%. Ju mer information en medlem anger inom s\u00f6kkriterierna, desto st\u00f6rre \u00e4r chansen att f\u00e5 den \u00f6nskade matchningen. F\u00f6r att anv\u00e4nda v\u00e5r specialdesignade s\u00f6kmotor m\u00e5ste du f\u00f6rst skapa ett konto p\u00e5 v\u00e5r webbplats.<\/p>\n<p>Ingen anledning att oroa sig f\u00f6r integriteten \u2013 v\u00e5ra s\u00f6kningar \u00e4r helt anonyma. AYCSite.com \u00e4r utformat f\u00f6r att ge sina medlemmar m\u00f6jlighet att f\u00f6rbli helt anonyma under hela s\u00f6kprocessen. Medlemmarna har m\u00f6jlighet att skapa ett anv\u00e4ndarnamn ist\u00e4llet f\u00f6r att anv\u00e4nda sin riktiga personliga information.<\/p>\n<p>[\/et_pb_text][et_pb_text _builder_version=&#8221;4.16&#8243; _module_preset=&#8221;default&#8221; text_font_size=&#8221;32px&#8221; header_2_text_color=&#8221;rgba(10,10,10,0.71)&#8221; header_2_font_size=&#8221;30px&#8221; header_4_text_color=&#8221;#535353&#8243; header_4_font_size=&#8221;32px&#8221; custom_margin=&#8221;||||true|false&#8221; header_2_font_size_tablet=&#8221;24px&#8221; header_2_font_size_phone=&#8221;24px&#8221; header_2_font_size_last_edited=&#8221;on|tablet&#8221; header_4_font_size_tablet=&#8221;32px&#8221; header_4_font_size_phone=&#8221;21px&#8221; header_4_font_size_last_edited=&#8221;on|phone&#8221; global_colors_info=&#8221;{}&#8221;]<\/p>\n<div>\n<h2 style=\"text-align: center;\">Hur du tar reda p\u00e5 om din partner \u00e4r otrogen:<\/h2>\n<\/div>\n<p>[\/et_pb_text][et_pb_text _builder_version=&#8221;4.16&#8243; _module_preset=&#8221;default&#8221; text_text_color=&#8221;#535353&#8243; text_font_size=&#8221;22px&#8221; text_line_height=&#8221;1.8em&#8221; header_2_text_color=&#8221;#ed5d2e&#8221; header_2_font_size=&#8221;40px&#8221; link_option_url=&#8221;https:\/\/aycsite.com\/&#8221; text_font_size_tablet=&#8221;18px&#8221; text_font_size_phone=&#8221;18px&#8221; text_font_size_last_edited=&#8221;on|tablet&#8221; global_colors_info=&#8221;{}&#8221;]<\/p>\n<p>1. N\u00e5got k\u00e4nns inte r\u00e4tt. Lita p\u00e5 din magk\u00e4nsla. Du vet n\u00e4r n\u00e5got \u00e4r fel. Du k\u00e4nner till din partners rutiner, beteende och personliga hygien. Har badrummet blivit deras nya favoritplats? Duschar de mer \u00e4n vanligt, direkt n\u00e4r de kommer hem, eller tar med sig telefonen in i badrummet? De kanske d\u00f6ljer n\u00e5got. Sn\u00e4ser de pl\u00f6tsligt \u00e5t dig utan anledning n\u00e4r ni tidigare aldrig br\u00e5kade? De kan leta efter en urs\u00e4kt f\u00f6r att storma ut... och tr\u00e4ffa n\u00e5gon annan.<\/p>\n<p>2. De har blivit distanserade, k\u00e4nslom\u00e4ssigt avskilda eller har helt slutat prata f\u00f6rutom enstaka ord. Ni bor tillsammans men k\u00e4nns mer som rumskamrater \u00e4n partners. Ert f\u00f6rh\u00e5llande k\u00e4nns kallt. Ni interagerar knappt, f\u00f6rutom n\u00e4r ni passerar varandra p\u00e5 v\u00e4g ut genom d\u00f6rren till jobbet. Ni pratar inte om era k\u00e4nslor, er dag, middag (n\u00e4r \u00e5t ni senast tillsammans?) eller n\u00e5got alls. Du brukade vara prioritet nummer ett, men nu verkar det som om din partner inte bryr sig alls om dina \u00f6nskningar, behov och beg\u00e4r. De fr\u00e5gar inte om din dag, dina k\u00e4nslor eller dina \u00e5sikter om n\u00e5got.<\/p>\n<p>3. Din partner anklagar dig f\u00f6r otrohet. Va??? Ingen bevis, inga bel\u00e4gg. De v\u00e4nder bara p\u00e5 steken. Det \u00e4r v\u00e4ldigt vanligt att en som \u00e4r otrogen f\u00f6rs\u00f6ker avleda genom att anklaga sin partner. Om de forts\u00e4tter att anklaga dig f\u00f6r att vara otrogen och smyga omkring, kan det l\u00e4tt vara en reflektion av deras egna handlingar. Det \u00e4r ett klassiskt fall av \"r\u00f6k och speglar\". De drar din uppm\u00e4rksamhet fr\u00e5n vad som verkligen p\u00e5g\u00e5r.<\/p>\n<p>4. Din ekonomi \u00e4r ur balans. Det saknas mystiskt pengar fr\u00e5n ert gemensamma konto som inte g\u00e5r att f\u00f6rklara, och det finns avgifter p\u00e5 ditt kreditkort f\u00f6r saker du inte k\u00f6pt. Eller avgifter fr\u00e5n restauranger d\u00e4r du aldrig har \u00e4tit eller hotellvistelser. Det \u00e4r ocks\u00e5 m\u00f6jligt att din partner \u00f6ppnat ett annat konto utan att s\u00e4ga n\u00e5got eller har sparat kontanter f\u00f6r n\u00f6jen med n\u00e5gon annan.<\/p>\n<p>5. De slutar s\u00e4ga \u201dJag \u00e4lskar dig.\u201d Det h\u00e4r \u00e4r hj\u00e4rtsk\u00e4rande. Ni brukade s\u00e4ga det p\u00e5 morgonen och innan ni gick och la er, eller n\u00e4r ni lade p\u00e5 telefonen. Ibland skickade ni till och med ett \u201dJag \u00e4lskar dig\u201d under dagen. Nu s\u00e4ger du orden och f\u00e5r inget tillbaka. Det \u00e4r som om de inte h\u00f6rde dig, ignorerar dig, eller \u00e4nnu v\u00e4rre, att de inte l\u00e4ngre \u00e4lskar dig tillbaka.<\/p>\n<p>F\u00f6r en komplett lista med tecken p\u00e5 att din partner \u00e4r otrogen, se v\u00e5r <a href=\"https:\/\/aycsite.com\/sv\/\">home page.<\/a><\/p>\n<p>[\/et_pb_text][et_pb_text _builder_version=&#8221;4.16&#8243; _module_preset=&#8221;default&#8221; text_font_size=&#8221;32px&#8221; header_2_text_color=&#8221;rgba(10,10,10,0.71)&#8221; header_2_font_size=&#8221;30px&#8221; header_4_text_color=&#8221;#535353&#8243; header_4_font_size=&#8221;32px&#8221; custom_margin=&#8221;8%||8%||true|false&#8221; header_2_font_size_tablet=&#8221;24px&#8221; header_2_font_size_phone=&#8221;24px&#8221; header_2_font_size_last_edited=&#8221;on|tablet&#8221; header_4_font_size_tablet=&#8221;32px&#8221; header_4_font_size_phone=&#8221;21px&#8221; header_4_font_size_last_edited=&#8221;on|phone&#8221; global_colors_info=&#8221;{}&#8221;]<\/p>\n<h2 style=\"text-align: center;\">Du uppt\u00e4ckte att din partner \u00e4r otrogen\u2026 vad h\u00e4nder nu?<\/h2>\n<p>[\/et_pb_text][et_pb_text _builder_version=&#8221;4.16&#8243; _module_preset=&#8221;default&#8221; text_text_color=&#8221;#535353&#8243; text_font_size=&#8221;22px&#8221; text_line_height=&#8221;1.8em&#8221; header_2_text_color=&#8221;#ed5d2e&#8221; header_2_font_size=&#8221;40px&#8221; link_option_url=&#8221;https:\/\/aycsite.com\/&#8221; text_font_size_tablet=&#8221;18px&#8221; text_font_size_phone=&#8221;18px&#8221; text_font_size_last_edited=&#8221;on|tablet&#8221; global_colors_info=&#8221;{}&#8221;]<\/p>\n<p><span>Du k\u00e4nner dig antagligen f\u00f6rr\u00e5dd, arg, ledsen, deprimerad och upplever en m\u00e4ngd andra k\u00e4nslor. Men det \u00e4r avg\u00f6rande att du inte fattar ett f\u00f6rhastat beslut och g\u00f6r n\u00e5got du kan komma att \u00e5ngra senare. Innan du kastar din partners kl\u00e4der ut genom f\u00f6nstret och b\u00f6rjar g\u00f6ra upp en brasa, t\u00e4nk p\u00e5 f\u00f6ljande:<\/span><\/p>\n<p><span>1. H\u00e5ll dig lugn. Ta ett djupt andetag. \u00c4ven om du antagligen \u00e4r i ett mycket k\u00e4nslom\u00e4ssigt tillst\u00e5nd, ta en stund f\u00f6r att bara andas och t\u00e4nka igenom saker. Ist\u00e4llet f\u00f6r att hamna i en skrikanfall, sl\u00e5 s\u00f6nder saker och bli destruktiv, ta lite tid f\u00f6r dig sj\u00e4lv. Kanske ta en sk\u00f6n, varm dusch. Vi beh\u00f6ver alla en bra duschgr\u00e5t, eller hur?<\/span><\/p>\n<p><span>2. Testa dig f\u00f6r sexuellt \u00f6verf\u00f6rbara sjukdomar. V\u00e4nta inte! M\u00e5nga k\u00f6nssjukdomar, inklusive HIV, kan f\u00f6rhindras om du testar dig tidigt. AYC s\u00f6ker spela en roll i kampen mot aids och\u00a0<a href=\"https:\/\/areyoucheating.com\/prevention\/\">HIV-prevention<\/a>\u00a0genom att l\u00e5ta medlemmar l\u00e4ra sig mer om sin potentiella partners kopplingar f\u00f6r att fatta mer informerade beslut innan intimitet. Idag \u00e4r det m\u00f6jligt att skydda sig sj\u00e4lv, sin partner och till och med sitt of\u00f6dda barn fr\u00e5n infektioner genom att vara informerad och medveten.<\/span><\/p>\n<p><span>3. Fr\u00e5ga vad som helst \u2026 om du vill veta. Sanningen \u00e4r framme. Alla kort ligger p\u00e5 bordet. S\u00e5 om du har kvarst\u00e5ende fr\u00e5gor som kan hj\u00e4lpa i l\u00e4kningen \u00e4r nu r\u00e4tt tid. M\u00e5nga m\u00e4nniskor har en stor fr\u00e5ga \u2014 VARF\u00d6R? Du fr\u00e5gar dig sj\u00e4lv: Var det n\u00e5got jag gjorde? Eller n\u00e5got jag inte gjorde? Ofta s\u00e4ger en partner: \u201dDet bara h\u00e4nde\u201d, men det \u00e4r s\u00e4llan fallet. Vanligtvis finns det ett underliggande behov som inte har m\u00f6tts i relationen, fysiskt eller k\u00e4nslom\u00e4ssigt. \u00c4ven om vissa kanske inte har ett verkligt svar p\u00e5 ditt \u201dvarf\u00f6r\u201d. Tragiskt nog kan det ha varit lite extra sp\u00e4nning, jakten p\u00e5 en sp\u00e4nning.<\/span><\/p>\n<p><span>4. Motst\u00e5 frestelsen att sj\u00e4lv vara otrogen. Tv\u00e5 fel g\u00f6r inget r\u00e4tt. Du tror att du kommer att ge igen p\u00e5 din partner genom att g\u00f6ra detta. Att du kommer att m\u00e5 b\u00e4ttre av att f\u00e5 h\u00e4mnas. Men sanningen \u00e4r att du bara kommer att m\u00e5 s\u00e4mre \u00f6ver relationen. Och \u00f6ver dig sj\u00e4lv. F\u00f6rs\u00f6k ist\u00e4llet med nr. 5.<\/span><\/p>\n<p><span>5. Ge det tid. Tiden l\u00e4ker alla s\u00e5r, s\u00e4gs det. Prata med din partner, med en professionell, med en \u00e4ktenskapsr\u00e5dgivare, eller med alla ovanst\u00e5ende. Se var du vill att relationen ska g\u00e5, var den kan g\u00e5, eller om den redan \u00e4r \u00f6ver. Och g\u00f6r sedan #6.<\/span><\/p>\n<p><span>6. Ta ett beslut. Du har g\u00e5tt igenom allt. Du k\u00e4nner till detaljerna. Du har pratat med en r\u00e5dgivare och nu m\u00e5ste du best\u00e4mma: \u00c4r denna relation v\u00e4rd att r\u00e4dda? Vill du l\u00e4gga ner tid och arbete f\u00f6r att g\u00f6ra saker r\u00e4tt igen? Kan du arbeta f\u00f6r att bygga upp f\u00f6rtroendet? Finns k\u00e4rleken fortfarande d\u00e4r? Eller \u00e4r det \u00f6ver? Kommer du att packa dina saker, g\u00e5 skilda v\u00e4gar och b\u00f6rja ett nytt kapitel i ditt liv utan varandra?<\/span><\/p>\n<p><span>Nu n\u00e4r du har tagit stegen f\u00f6r att ta reda p\u00e5 om din partner \u00e4r otrogen, hoppas vi att du kan bygga tillbaka f\u00f6rtroendet med dessa personer eller ha styrkan att b\u00f6rja ett nytt kapitel i ditt liv, oavsett om det \u00e4r med en ny partner eller att njuta av att vara singel.<\/span><\/p>\n<p><span>K\u00e4nner du andra som kan dra nytta av AYC? G\u00e5 med i v\u00e5r\u00a0<a href=\"https:\/\/aycsite.com\/sv\/associates\/\">Partnerprogram<\/a>.<\/span><\/p>\n<p>[\/et_pb_text][\/et_pb_column][\/et_pb_row][\/et_pb_section]<\/p>","protected":false},"excerpt":{"rendered":"<p>Find Out if Your Partner is Cheating AYC Shows You How to Find Out if Your Partner is Cheating They\u2019re acting suspiciously. Things they have been saying and doing don\u2019t make sense. You caught them in lies. But how do you really know your partner has not been faithful? Find out if your partner is [&hellip;]<\/p>","protected":false},"author":1,"featured_media":0,"parent":0,"menu_order":0,"comment_status":"closed","ping_status":"closed","template":"","meta":{"_et_pb_use_builder":"on","_et_pb_old_content":"","_et_gb_content_width":"","pmpro_default_level":"","footnotes":""},"class_list":["post-18","page","type-page","status-publish","hentry","pmpro-has-access"],"aioseo_notices":[],"_links":{"self":[{"href":"https:\/\/aycsite.com\/sv\/wp-json\/wp\/v2\/pages\/18","targetHints":{"allow":["GET"]}}],"collection":[{"href":"https:\/\/aycsite.com\/sv\/wp-json\/wp\/v2\/pages"}],"about":[{"href":"https:\/\/aycsite.com\/sv\/wp-json\/wp\/v2\/types\/page"}],"author":[{"embeddable":true,"href":"https:\/\/aycsite.com\/sv\/wp-json\/wp\/v2\/users\/1"}],"replies":[{"embeddable":true,"href":"https:\/\/aycsite.com\/sv\/wp-json\/wp\/v2\/comments?post=18"}],"version-history":[{"count":14,"href":"https:\/\/aycsite.com\/sv\/wp-json\/wp\/v2\/pages\/18\/revisions"}],"predecessor-version":[{"id":226902,"href":"https:\/\/aycsite.com\/sv\/wp-json\/wp\/v2\/pages\/18\/revisions\/226902"}],"wp:attachment":[{"href":"https:\/\/aycsite.com\/sv\/wp-json\/wp\/v2\/media?parent=18"}],"curies":[{"name":"wp","href":"https:\/\/api.w.org\/{rel}","templated":true}]}}