{"id":27,"date":"2021-11-04T03:16:34","date_gmt":"2021-11-04T08:16:34","guid":{"rendered":"https:\/\/dev.aycsite.com\/wp\/?page_id=27"},"modified":"2025-04-27T08:25:50","modified_gmt":"2025-04-27T13:25:50","slug":"faqs","status":"publish","type":"page","link":"https:\/\/aycsite.com\/pt\/faqs\/","title":{"rendered":"FAQs"},"content":{"rendered":"<p>[et_pb_section fb_built=&#8221;1&#8243; disabled_on=&#8221;off|off|off&#8221; _builder_version=&#8221;4.17.4&#8243; _module_preset=&#8221;default&#8221; custom_padding=&#8221;0px||0px||true|false&#8221; sticky_position=&#8221;top&#8221; global_module=&#8221;198&#8243; saved_tabs=&#8221;all&#8221; global_colors_info=&#8221;{}&#8221;][\/et_pb_section][et_pb_section fb_built=&#8221;1&#8243; _builder_version=&#8221;4.16&#8243; _module_preset=&#8221;default&#8221; background_color=&#8221;#f1f5f6&#8243; custom_padding=&#8221;42px|||||&#8221; global_colors_info=&#8221;{}&#8221;][et_pb_row _builder_version=&#8221;4.16&#8243; _module_preset=&#8221;default&#8221; global_colors_info=&#8221;{}&#8221;][et_pb_column type=&#8221;4_4&#8243; _builder_version=&#8221;4.16&#8243; _module_preset=&#8221;default&#8221; global_colors_info=&#8221;{}&#8221;][et_pb_image src=&#8221;https:\/\/aycsite.com\/wp-content\/uploads\/faq-banner.png&#8221; title_text=&#8221;faq-banner&#8221; _builder_version=&#8221;4.17.4&#8243; _module_preset=&#8221;default&#8221; hover_enabled=&#8221;0&#8243; global_colors_info=&#8221;{}&#8221; sticky_enabled=&#8221;0&#8243;][\/et_pb_image][et_pb_text _builder_version=&#8221;4.16&#8243; _module_preset=&#8221;default&#8221; text_text_color=&#8221;#535353&#8243; text_font_size=&#8221;22px&#8221; header_2_text_color=&#8221;#ed5d2e&#8221; header_2_font_size=&#8221;40px&#8221; width_tablet=&#8221;50%&#8221; width_phone=&#8221;66%&#8221; width_last_edited=&#8221;on|tablet&#8221; module_alignment=&#8221;center&#8221; header_2_font_size_tablet=&#8221;40px&#8221; header_2_font_size_phone=&#8221;33px&#8221; header_2_font_size_last_edited=&#8221;on|phone&#8221; border_color_bottom=&#8221;#ed5d2e&#8221; global_colors_info=&#8221;{}&#8221; width__hover_enabled=&#8221;on|desktop&#8221;]<\/p>\n<h2 style=\"text-align: center;\">Perguntas frequentes<\/h2>\n<p>[\/et_pb_text][et_pb_text _builder_version=&#8221;4.16&#8243; _module_preset=&#8221;default&#8221; text_text_color=&#8221;#535353&#8243; text_font_size=&#8221;18px&#8221; text_line_height=&#8221;1.8em&#8221; header_2_text_color=&#8221;#ed5d2e&#8221; header_2_font_size=&#8221;40px&#8221; text_font_size_tablet=&#8221;18px&#8221; text_font_size_phone=&#8221;18px&#8221; text_font_size_last_edited=&#8221;on|tablet&#8221; global_colors_info=&#8221;{}&#8221;]<\/p>\n<p><strong>SOBRE AYC<\/strong><\/p>\n<p>[\/et_pb_text][et_pb_toggle title=&#8221;1. What is %22AYC%22?&#8221; open_toggle_text_color=&#8221;rgba(0,0,0,0.74)&#8221; _builder_version=&#8221;4.17.4&#8243; _module_preset=&#8221;default&#8221; title_text_color=&#8221;rgba(0,0,0,0.74)&#8221; title_font_size=&#8221;20px&#8221; body_font_size=&#8221;18px&#8221; body_line_height=&#8221;1.9em&#8221; hover_enabled=&#8221;0&#8243; global_colors_info=&#8221;{}&#8221; sticky_enabled=&#8221;0&#8243;]<\/p>\n<p><span>According to the creators of this service, &#8220;AYC&#8221; stands for two things: &#8220;Are you cheating&#8221; and &#8220;AIDS in your community.&#8221; Both are interchangeable and highly relevant to this service and its user base. <\/span><\/p>\n<p><span>For more information about AYC,<\/span> <a href=\"https:\/\/aycsite.com\/pt\/about\/\"><span>\u00a0<\/span>Por favor, visite nossa se\u00e7\u00e3o Sobre<\/a><span>.<\/span><\/p>\n<p>[\/et_pb_toggle][et_pb_toggle title=&#8221;2. How can AYCSite.com help me?       &#8221; open_toggle_text_color=&#8221;rgba(0,0,0,0.74)&#8221; _builder_version=&#8221;4.17.4&#8243; _module_preset=&#8221;default&#8221; title_text_color=&#8221;rgba(0,0,0,0.74)&#8221; title_font_size=&#8221;20px&#8221; body_font_size=&#8221;18px&#8221; body_line_height=&#8221;1.9em&#8221; global_colors_info=&#8221;{}&#8221;]<\/p>\n<p><span>AYCSite.com lhe dar\u00e1 o poder de navegar melhor em suas decis\u00f5es de relacionamento.<\/span><\/p>\n<p>[\/et_pb_toggle][et_pb_toggle title=&#8221;3. How accurate is the search?       &#8221; open_toggle_text_color=&#8221;rgba(0,0,0,0.74)&#8221; _builder_version=&#8221;4.16&#8243; _module_preset=&#8221;default&#8221; title_text_color=&#8221;rgba(0,0,0,0.74)&#8221; title_font_size=&#8221;20px&#8221; body_font_size=&#8221;18px&#8221; body_line_height=&#8221;1.9em&#8221; global_colors_info=&#8221;{}&#8221;]<\/p>\n<p><span>AYCSite.com usa um motor de busca poderoso e personalizado que conecta membros por porcentagens que variam de 25% a 100%. Quanto mais informa\u00e7\u00f5es um membro fornecer nos crit\u00e9rios de busca, maiores ser\u00e3o as chances de receber a correspond\u00eancia desejada. Para usar nosso motor de busca personalizado, voc\u00ea deve primeiro criar uma conta em nosso site.<\/span><\/p>\n<p>[\/et_pb_toggle][et_pb_toggle title=&#8221;4. When a percentage match is made, what happens next?       &#8221; open_toggle_text_color=&#8221;rgba(0,0,0,0.74)&#8221; _builder_version=&#8221;4.16&#8243; _module_preset=&#8221;default&#8221; title_text_color=&#8221;rgba(0,0,0,0.74)&#8221; title_font_size=&#8221;20px&#8221; body_font_size=&#8221;18px&#8221; body_line_height=&#8221;1.9em&#8221; global_colors_info=&#8221;{}&#8221;]<\/p>\n<p><span>Uma vez que uma correspond\u00eancia percentual seja feita, voc\u00ea ter\u00e1 a op\u00e7\u00e3o de trocar endere\u00e7os de e-mail com a correspond\u00eancia para se envolver em uma conversa direta fora do nosso site ou enviar-lhes uma mensagem curta a partir do nosso sistema. Para visualizar correspond\u00eancias percentuais, voc\u00ea deve estar logado no nosso site.<\/span><\/p>\n<p>[\/et_pb_toggle][et_pb_toggle title=&#8221;5. Will someone know who I am when I conduct a search?       &#8221; open_toggle_text_color=&#8221;rgba(0,0,0,0.74)&#8221; _builder_version=&#8221;4.17.4&#8243; _module_preset=&#8221;default&#8221; title_text_color=&#8221;rgba(0,0,0,0.74)&#8221; title_font_size=&#8221;20px&#8221; body_font_size=&#8221;18px&#8221; body_line_height=&#8221;1.9em&#8221; hover_enabled=&#8221;0&#8243; global_colors_info=&#8221;{}&#8221; sticky_enabled=&#8221;0&#8243;]<\/p>\n<div class=\"field--item\">\n<section class=\"about-1-info\">\n<div class=\"panel-group\" id=\"accordion1\" role=\"tablist\" aria-multiselectable=\"true\">\n<div class=\"field field--name-field-faqs field--type-entity-reference-revisions field--label-hidden field--items\">\n<div class=\"field--item\">\n<div class=\"panel panel-default\">\n<div id=\"264\" class=\"panel-collapse collapse in\" role=\"tabpanel\" aria-labelledby=\"headingOne\" aria-expanded=\"true\">\n<div class=\"panel-body\">\n<p>N\u00e3o, AYCSite.com foi projetado para dar aos seus membros a capacidade de permanecer completamente an\u00f4nimos durante todo o processo de busca. Os membros t\u00eam a op\u00e7\u00e3o de criar um nome de usu\u00e1rio em vez de usar suas informa\u00e7\u00f5es pessoais reais.<\/p>\n<\/div>\n<\/div>\n<\/div>\n<\/div>\n<\/div>\n<\/div>\n<\/section>\n<\/div>\n<p>[\/et_pb_toggle][\/et_pb_column][\/et_pb_row][et_pb_row _builder_version=&#8221;4.16&#8243; _module_preset=&#8221;default&#8221; global_colors_info=&#8221;{}&#8221;][et_pb_column type=&#8221;4_4&#8243; _builder_version=&#8221;4.16&#8243; _module_preset=&#8221;default&#8221; global_colors_info=&#8221;{}&#8221;][et_pb_text _builder_version=&#8221;4.16&#8243; _module_preset=&#8221;default&#8221; text_text_color=&#8221;#535353&#8243; text_font_size=&#8221;18px&#8221; text_line_height=&#8221;1.8em&#8221; header_2_text_color=&#8221;#ed5d2e&#8221; header_2_font_size=&#8221;40px&#8221; text_font_size_tablet=&#8221;18px&#8221; text_font_size_phone=&#8221;18px&#8221; text_font_size_last_edited=&#8221;on|tablet&#8221; global_colors_info=&#8221;{}&#8221;]<\/p>\n<p><strong>SOBRE AS CONTAS AYC<\/strong><\/p>\n<p>[\/et_pb_text][et_pb_toggle title=&#8221;1. How can I create a profile?       &#8221; open_toggle_text_color=&#8221;rgba(0,0,0,0.74)&#8221; _builder_version=&#8221;4.16&#8243; _module_preset=&#8221;default&#8221; title_text_color=&#8221;rgba(0,0,0,0.74)&#8221; title_font_size=&#8221;20px&#8221; body_font_size=&#8221;18px&#8221; body_line_height=&#8221;1.9em&#8221; global_colors_info=&#8221;{}&#8221;]<\/p>\n<p><span>Use a \u00e1rea de inscri\u00e7\u00e3o \"CADASTRE-SE HOJE GRATUITAMENTE\" em qualquer p\u00e1gina de visitantes do nosso site para criar sua conta AYCSite.com. Uma vez que sua conta for criada, voc\u00ea poder\u00e1 fazer login e criar seu pr\u00f3prio perfil na se\u00e7\u00e3o MINHA CONTA.<\/span><\/p>\n<p>[\/et_pb_toggle][et_pb_toggle title=&#8221;2. How can I change my username or password?       &#8221; open_toggle_text_color=&#8221;rgba(0,0,0,0.74)&#8221; _builder_version=&#8221;4.16&#8243; _module_preset=&#8221;default&#8221; title_text_color=&#8221;rgba(0,0,0,0.74)&#8221; title_font_size=&#8221;20px&#8221; body_font_size=&#8221;18px&#8221; body_line_height=&#8221;1.9em&#8221; global_colors_info=&#8221;{}&#8221;]<\/p>\n<p><span>Depois de fazer login no nosso sistema, v\u00e1 para a se\u00e7\u00e3o MEU CONTA para visualizar e editar seu perfil. Voc\u00ea pode alterar seu nome de usu\u00e1rio na \u00e1rea \u201cEditar Perfil\u201d. Para mudar sua senha, clique no bot\u00e3o \u201cAlterar Senha\u201d e siga as instru\u00e7\u00f5es a seguir.<\/span><\/p>\n<p>[\/et_pb_toggle][\/et_pb_column][\/et_pb_row][et_pb_row _builder_version=&#8221;4.16&#8243; _module_preset=&#8221;default&#8221; global_colors_info=&#8221;{}&#8221;][et_pb_column type=&#8221;4_4&#8243; _builder_version=&#8221;4.16&#8243; _module_preset=&#8221;default&#8221; global_colors_info=&#8221;{}&#8221;][et_pb_text _builder_version=&#8221;4.16&#8243; _module_preset=&#8221;default&#8221; text_text_color=&#8221;#535353&#8243; text_font_size=&#8221;18px&#8221; text_line_height=&#8221;1.8em&#8221; header_2_text_color=&#8221;#ed5d2e&#8221; header_2_font_size=&#8221;40px&#8221; text_font_size_tablet=&#8221;18px&#8221; text_font_size_phone=&#8221;18px&#8221; text_font_size_last_edited=&#8221;on|tablet&#8221; global_colors_info=&#8221;{}&#8221;]<\/p>\n<p><strong>Geral<\/strong><\/p>\n<p>[\/et_pb_text][et_pb_toggle title=&#8221;1. How do I file a complaint?       &#8221; open_toggle_text_color=&#8221;rgba(0,0,0,0.74)&#8221; _builder_version=&#8221;4.16&#8243; _module_preset=&#8221;default&#8221; title_text_color=&#8221;rgba(0,0,0,0.74)&#8221; title_font_size=&#8221;20px&#8221; body_font_size=&#8221;18px&#8221; body_line_height=&#8221;1.9em&#8221; global_colors_info=&#8221;{}&#8221;]<\/p>\n<div role=\"main\" class=\"main-container container js-quickedit-main-content\">\n<section>\n<div class=\"region region-content\">\n<article data-history-node-id=\"46\" role=\"article\" about=\"\/faq\" class=\"landing-page full clearfix\">\n<div class=\"content\">\n<div class=\"field field--name-field-sections field--type-entity-reference-revisions field--label-hidden field--items\">\n<div class=\"field--item\">\n<section class=\"about-1-info\">\n<div class=\"panel-group\" id=\"accordion1\" role=\"tablist\" aria-multiselectable=\"true\">\n<div class=\"field field--name-field-faqs field--type-entity-reference-revisions field--label-hidden field--items\">\n<div class=\"field--item\">\n<div class=\"panel panel-default\">\n<div id=\"115\" class=\"panel-collapse collapse in\" role=\"tabpanel\" aria-labelledby=\"headingOne\" aria-expanded=\"true\">\n<div class=\"panel-body\">\n<p>Envie sua reclama\u00e7\u00e3o e todos os coment\u00e1rios diretamente via nosso<span>\u00a0<\/span><a href=\"https:\/\/dev.aycsite.com\/contact\">P\u00e1gina de contato<\/a>.<a role=\"button\" data-toggle=\"collapse\" data-parent=\"#accordion\" href=\"https:\/\/aycsite.com\/pt\/faq\/#995\" aria-expanded=\"true\" aria-controls=\"collapseOne\" class=\"collapsed\"><\/a><\/p>\n<\/div>\n<\/div>\n<\/div>\n<\/div>\n<\/div>\n<\/div>\n<\/section>\n<\/div>\n<\/div>\n<\/div>\n<\/article>\n<\/div>\n<\/section>\n<\/div>\n<div class=\"region region-slider\">\n<section class=\"views-element-container block block-views block-views-blocknews-block clearfix\" id=\"block-views-block-news-block\">\n<div class=\"form-group\">\n<div class=\"view view-news view-id-news view-display-id-block js-view-dom-id-35ed2af93e81358cf5b615f58730afb1bd8b9f2a5ea67aad86fe65e1a80ae618\">\n<div class=\"view-content\">\n<section id=\"latest-news\">\n<div class=\"container\">\n<div class=\"row\">\n<div class=\"col-xs-12 col-md-12 news-wrapper\">\n<div class=\"col-xs-12 lnews\">\n<div class=\"marquee\">\n<div class=\"js-marquee-wrapper\"><\/div>\n<\/div>\n<\/div>\n<\/div>\n<\/div>\n<\/div>\n<\/section>\n<\/div>\n<\/div>\n<\/div>\n<\/section>\n<\/div>\n<p>[\/et_pb_toggle][et_pb_toggle title=&#8221;2. What if I have an idea that can improve\/enhance the member experience with the site?       &#8221; open_toggle_text_color=&#8221;rgba(0,0,0,0.74)&#8221; _builder_version=&#8221;4.16&#8243; _module_preset=&#8221;default&#8221; title_text_color=&#8221;rgba(0,0,0,0.74)&#8221; title_font_size=&#8221;20px&#8221; body_font_size=&#8221;18px&#8221; body_line_height=&#8221;1.9em&#8221; global_colors_info=&#8221;{}&#8221;]<\/p>\n<p><span>AYC recebe todos os coment\u00e1rios e sugest\u00f5es. Estamos dedicados a proporcionar aos nossos membros uma experi\u00eancia de usu\u00e1rio segura e tranquila. Use nossa p\u00e1gina de contato online para compartilhar seu feedback.<\/span><\/p>\n<p>[\/et_pb_toggle][\/et_pb_column][\/et_pb_row][\/et_pb_section]<\/p>","protected":false},"excerpt":{"rendered":"<p>Frequently Asked QuestionsABOUT AYCAccording to the creators of this service, &#8220;AYC&#8221; stands for two things: &#8220;Are you cheating&#8221; and &#8220;AIDS in your community.&#8221; Both are interchangeable and highly relevant to this service and its user base. For more information about AYC, \u00a0please visit our About section.AYCSite.com will give you the power to better navigate your [&hellip;]<\/p>","protected":false},"author":1,"featured_media":0,"parent":0,"menu_order":0,"comment_status":"closed","ping_status":"closed","template":"","meta":{"_et_pb_use_builder":"on","_et_pb_old_content":"<!-- wp:divi\/placeholder \/-->","_et_gb_content_width":"","pmpro_default_level":"","footnotes":""},"class_list":["post-27","page","type-page","status-publish","hentry","pmpro-has-access"],"aioseo_notices":[],"_links":{"self":[{"href":"https:\/\/aycsite.com\/pt\/wp-json\/wp\/v2\/pages\/27","targetHints":{"allow":["GET"]}}],"collection":[{"href":"https:\/\/aycsite.com\/pt\/wp-json\/wp\/v2\/pages"}],"about":[{"href":"https:\/\/aycsite.com\/pt\/wp-json\/wp\/v2\/types\/page"}],"author":[{"embeddable":true,"href":"https:\/\/aycsite.com\/pt\/wp-json\/wp\/v2\/users\/1"}],"replies":[{"embeddable":true,"href":"https:\/\/aycsite.com\/pt\/wp-json\/wp\/v2\/comments?post=27"}],"version-history":[{"count":9,"href":"https:\/\/aycsite.com\/pt\/wp-json\/wp\/v2\/pages\/27\/revisions"}],"predecessor-version":[{"id":226949,"href":"https:\/\/aycsite.com\/pt\/wp-json\/wp\/v2\/pages\/27\/revisions\/226949"}],"wp:attachment":[{"href":"https:\/\/aycsite.com\/pt\/wp-json\/wp\/v2\/media?parent=27"}],"curies":[{"name":"wp","href":"https:\/\/api.w.org\/{rel}","templated":true}]}}