{"id":18,"date":"2021-10-28T19:47:36","date_gmt":"2021-10-29T00:47:36","guid":{"rendered":"https:\/\/dev.aycsite.com\/wp\/?page_id=18"},"modified":"2025-03-20T15:59:20","modified_gmt":"2025-03-20T20:59:20","slug":"about","status":"publish","type":"page","link":"https:\/\/aycsite.com\/pt\/about\/","title":{"rendered":"Sobre"},"content":{"rendered":"<p>[et_pb_section fb_built=&#8221;1&#8243; disabled_on=&#8221;off|off|off&#8221; _builder_version=&#8221;4.17.4&#8243; _module_preset=&#8221;default&#8221; custom_padding=&#8221;0px||0px||true|false&#8221; sticky_position=&#8221;top&#8221; global_module=&#8221;198&#8243; saved_tabs=&#8221;all&#8221; global_colors_info=&#8221;{}&#8221;][\/et_pb_section][et_pb_section fb_built=&#8221;1&#8243; _builder_version=&#8221;4.17.4&#8243; _module_preset=&#8221;default&#8221; background_color=&#8221;#f1f5f6&#8243; global_colors_info=&#8221;{}&#8221;][et_pb_row disabled_on=&#8221;on|on|on&#8221; _builder_version=&#8221;4.17.4&#8243; _module_preset=&#8221;default&#8221; width_tablet=&#8221;700px&#8221; width_phone=&#8221;85%&#8221; width_last_edited=&#8221;on|phone&#8221; custom_padding=&#8221;0px||0px||false|false&#8221; disabled=&#8221;on&#8221; global_colors_info=&#8221;{}&#8221;][et_pb_column type=&#8221;4_4&#8243; _builder_version=&#8221;4.16&#8243; _module_preset=&#8221;default&#8221; global_colors_info=&#8221;{}&#8221;][et_pb_contact_form captcha=&#8221;off&#8221; submit_button_text=&#8221;Search&#8221; disabled_on=&#8221;off|on|on&#8221; _builder_version=&#8221;4.16&#8243; _module_preset=&#8221;default&#8221; _unique_id=&#8221;b8855dd4-4c17-4a86-b401-b44045cb71b8&#8243; form_field_font=&#8221;SF-UI-Display-Regular||||||||&#8221; form_field_font_size=&#8221;16px&#8221; custom_button=&#8221;on&#8221; button_text_size=&#8221;16px&#8221; button_text_color=&#8221;#FFFFFF&#8221; button_bg_color=&#8221;#ed5d2e&#8221; button_border_width=&#8221;2.5px&#8221; button_border_color=&#8221;#ed5d2e&#8221; button_border_radius=&#8221;3px&#8221; border_width_all=&#8221;1px&#8221; border_color_all=&#8221;#ed5d2e&#8221; global_colors_info=&#8221;{}&#8221;][et_pb_contact_field field_id=&#8221;Phonedig&#8221; field_title=&#8221;Enter The Last Four Digits of a Phone Number&#8221; fullwidth_field=&#8221;on&#8221; _builder_version=&#8221;4.16&#8243; form_field_background_color=&#8221;rgba(255,255,255,0.86)&#8221; border_radii=&#8221;on|3px|3px|3px|3px&#8221; global_colors_info=&#8221;{}&#8221; button_text_size__hover_enabled=&#8221;off&#8221; button_one_text_size__hover_enabled=&#8221;off&#8221; button_two_text_size__hover_enabled=&#8221;off&#8221; button_text_color__hover_enabled=&#8221;off&#8221; button_one_text_color__hover_enabled=&#8221;off&#8221; button_two_text_color__hover_enabled=&#8221;off&#8221; button_border_width__hover_enabled=&#8221;off&#8221; button_one_border_width__hover_enabled=&#8221;off&#8221; button_two_border_width__hover_enabled=&#8221;off&#8221; button_border_color__hover_enabled=&#8221;off&#8221; button_one_border_color__hover_enabled=&#8221;off&#8221; button_two_border_color__hover_enabled=&#8221;off&#8221; button_border_radius__hover_enabled=&#8221;off&#8221; button_one_border_radius__hover_enabled=&#8221;off&#8221; button_two_border_radius__hover_enabled=&#8221;off&#8221; button_letter_spacing__hover_enabled=&#8221;off&#8221; button_one_letter_spacing__hover_enabled=&#8221;off&#8221; button_two_letter_spacing__hover_enabled=&#8221;off&#8221; button_bg_color__hover_enabled=&#8221;off&#8221; button_one_bg_color__hover_enabled=&#8221;off&#8221; button_two_bg_color__hover_enabled=&#8221;off&#8221;][\/et_pb_contact_field][\/et_pb_contact_form][et_pb_contact_form captcha=&#8221;off&#8221; submit_button_text=&#8221;Search&#8221; disabled_on=&#8221;on|off|off&#8221; module_class=&#8221;dd_single_line_form&#8221; _builder_version=&#8221;4.16&#8243; _module_preset=&#8221;default&#8221; _unique_id=&#8221;4b004e75-47ad-453d-80b7-c19dd60aa3b3&#8243; form_field_font=&#8221;SF-UI-Display-Regular||||||||&#8221; form_field_font_size=&#8221;16px&#8221; custom_button=&#8221;on&#8221; button_text_size=&#8221;16px&#8221; button_text_color=&#8221;#FFFFFF&#8221; button_bg_color=&#8221;#ed5d2e&#8221; button_border_width=&#8221;2.5px&#8221; button_border_color=&#8221;#ed5d2e&#8221; button_border_radius=&#8221;3px&#8221; border_width_all=&#8221;1px&#8221; border_color_all=&#8221;#ed5d2e&#8221; global_colors_info=&#8221;{}&#8221;][et_pb_contact_field field_id=&#8221;Phonedig&#8221; field_title=&#8221;Enter The Last Four Digits of a Phone Number&#8221; fullwidth_field=&#8221;on&#8221; _builder_version=&#8221;4.16&#8243; form_field_background_color=&#8221;rgba(255,255,255,0.86)&#8221; border_radii=&#8221;on|3px|3px|3px|3px&#8221; global_colors_info=&#8221;{}&#8221; button_text_size__hover_enabled=&#8221;off&#8221; button_one_text_size__hover_enabled=&#8221;off&#8221; button_two_text_size__hover_enabled=&#8221;off&#8221; button_text_color__hover_enabled=&#8221;off&#8221; button_one_text_color__hover_enabled=&#8221;off&#8221; button_two_text_color__hover_enabled=&#8221;off&#8221; button_border_width__hover_enabled=&#8221;off&#8221; button_one_border_width__hover_enabled=&#8221;off&#8221; button_two_border_width__hover_enabled=&#8221;off&#8221; button_border_color__hover_enabled=&#8221;off&#8221; button_one_border_color__hover_enabled=&#8221;off&#8221; button_two_border_color__hover_enabled=&#8221;off&#8221; button_border_radius__hover_enabled=&#8221;off&#8221; button_one_border_radius__hover_enabled=&#8221;off&#8221; button_two_border_radius__hover_enabled=&#8221;off&#8221; button_letter_spacing__hover_enabled=&#8221;off&#8221; button_one_letter_spacing__hover_enabled=&#8221;off&#8221; button_two_letter_spacing__hover_enabled=&#8221;off&#8221; button_bg_color__hover_enabled=&#8221;off&#8221; button_one_bg_color__hover_enabled=&#8221;off&#8221; button_two_bg_color__hover_enabled=&#8221;off&#8221;][\/et_pb_contact_field][\/et_pb_contact_form][\/et_pb_column][\/et_pb_row][et_pb_row _builder_version=&#8221;4.16&#8243; _module_preset=&#8221;default&#8221; global_colors_info=&#8221;{}&#8221;][et_pb_column type=&#8221;4_4&#8243; _builder_version=&#8221;4.16&#8243; _module_preset=&#8221;default&#8221; global_colors_info=&#8221;{}&#8221;][et_pb_image src=&#8221;https:\/\/aycsite.com\/wp-content\/uploads\/about-banner.jpg&#8221; title_text=&#8221;about-banner&#8221; _builder_version=&#8221;4.16&#8243; _module_preset=&#8221;default&#8221; hover_enabled=&#8221;0&#8243; global_colors_info=&#8221;{}&#8221; sticky_enabled=&#8221;0&#8243;][\/et_pb_image][et_pb_code _builder_version=&#8221;4.16&#8243; _module_preset=&#8221;default&#8221; global_colors_info=&#8221;{}&#8221;]<\/p>\n<style><!-- [et_pb_line_break_holder] -->.section-title h2:before {<!-- [et_pb_line_break_holder] -->    left: 0;<!-- [et_pb_line_break_holder] -->}<!-- [et_pb_line_break_holder] -->.section-title h2:before, .section-title h2:after {<!-- [et_pb_line_break_holder] -->    content: \"\";<!-- [et_pb_line_break_holder] -->    width: 10px;<!-- [et_pb_line_break_holder] -->    height: 10px;<!-- [et_pb_line_break_holder] -->    background: #ff5723;<!-- [et_pb_line_break_holder] -->    position: absolute;<!-- [et_pb_line_break_holder] -->    transform: rotate(<!-- [et_pb_line_break_holder] -->45deg);<!-- [et_pb_line_break_holder] -->    bottom: -6px;<!-- [et_pb_line_break_holder] -->}<!-- [et_pb_line_break_holder] --><!-- [et_pb_line_break_holder] -->.section-title h2:after {<!-- [et_pb_line_break_holder] -->    right: 0;<!-- [et_pb_line_break_holder] -->}<!-- [et_pb_line_break_holder] --><!-- [et_pb_line_break_holder] -->.section-title h2:before, .section-title h2:after {<!-- [et_pb_line_break_holder] -->    content: \"\";<!-- [et_pb_line_break_holder] -->    width: 10px;<!-- [et_pb_line_break_holder] -->    height: 10px;<!-- [et_pb_line_break_holder] -->    background: #ff5723;<!-- [et_pb_line_break_holder] -->    position: absolute;<!-- [et_pb_line_break_holder] -->    transform: rotate(<!-- [et_pb_line_break_holder] -->45deg);<!-- [et_pb_line_break_holder] -->    bottom: -6px;<!-- [et_pb_line_break_holder] -->}<!-- [et_pb_line_break_holder] -->  .section-title h2 {<!-- [et_pb_line_break_holder] -->    color: #ff5723;<!-- [et_pb_line_break_holder] -->    font-size: 40px;<!-- [et_pb_line_break_holder] -->    letter-spacing: 1px;<!-- [et_pb_line_break_holder] -->    position: relative;<!-- [et_pb_line_break_holder] -->    border-bottom: 2px solid #ff5723;<!-- [et_pb_line_break_holder] -->    display: inline-block;<!-- [et_pb_line_break_holder] -->    text-align: center;<!-- [et_pb_line_break_holder] -->    padding: 0 14px 5px;<!-- [et_pb_line_break_holder] -->    margin-bottom: 25px;<!-- [et_pb_line_break_holder] -->}<!-- [et_pb_line_break_holder] --><\/style>\n<p><!-- [et_pb_line_break_holder] --><!-- [et_pb_line_break_holder] --><center><!-- [et_pb_line_break_holder] --> <\/p>\n<div class=\"join-our-team-block section-title\"><!-- [et_pb_line_break_holder] -->                                      <\/p>\n<h2>Nossa miss\u00e3o<\/h2>\n<p><!-- [et_pb_line_break_holder] -->                                                    <!-- [et_pb_line_break_holder] -->                 <!-- [et_pb_line_break_holder] -->                                  <\/div>\n<p><!-- [et_pb_line_break_holder] --><\/center>[\/et_pb_code][et_pb_text _builder_version=&#8221;4.16&#8243; _module_preset=&#8221;default&#8221; text_font_size=&#8221;32px&#8221; header_4_text_color=&#8221;#535353&#8243; header_4_font_size=&#8221;32px&#8221; hover_enabled=&#8221;0&#8243; header_font_size_tablet=&#8221;24px&#8221; header_font_size_phone=&#8221;24px&#8221; header_font_size_last_edited=&#8221;on|tablet&#8221; header_4_font_size_tablet=&#8221;32px&#8221; header_4_font_size_phone=&#8221;21px&#8221; header_4_font_size_last_edited=&#8221;on|phone&#8221; global_colors_info=&#8221;{}&#8221; sticky_enabled=&#8221;0&#8243;]<\/p>\n<div>\n<h1 style=\"text-align: center;\">Descubra se o seu parceiro est\u00e1 traindo<\/h1>\n<\/div>\n<p>[\/et_pb_text][et_pb_text _builder_version=&#8221;4.16&#8243; _module_preset=&#8221;default&#8221; text_font_size=&#8221;32px&#8221; header_2_text_color=&#8221;rgba(10,10,10,0.71)&#8221; header_2_font_size=&#8221;30px&#8221; header_4_text_color=&#8221;#535353&#8243; header_4_font_size=&#8221;32px&#8221; header_font_size_tablet=&#8221;24px&#8221; header_font_size_phone=&#8221;24px&#8221; header_font_size_last_edited=&#8221;on|tablet&#8221; header_2_font_size_tablet=&#8221;24px&#8221; header_2_font_size_phone=&#8221;24px&#8221; header_2_font_size_last_edited=&#8221;on|tablet&#8221; header_4_font_size_tablet=&#8221;32px&#8221; header_4_font_size_phone=&#8221;21px&#8221; header_4_font_size_last_edited=&#8221;on|phone&#8221; global_colors_info=&#8221;{}&#8221;]<\/p>\n<div>\n<h2 style=\"text-align: center;\">AYC mostra a voc\u00ea como descobrir se o seu parceiro est\u00e1 traindo.<\/h2>\n<\/div>\n<p>[\/et_pb_text][et_pb_text _builder_version=&#8221;4.17.4&#8243; _module_preset=&#8221;default&#8221; text_text_color=&#8221;#535353&#8243; text_font_size=&#8221;22px&#8221; text_line_height=&#8221;1.8em&#8221; header_2_text_color=&#8221;#ed5d2e&#8221; header_2_font_size=&#8221;40px&#8221; text_font_size_tablet=&#8221;18px&#8221; text_font_size_phone=&#8221;18px&#8221; text_font_size_last_edited=&#8221;on|tablet&#8221; global_colors_info=&#8221;{}&#8221;]<\/p>\n<p>Eles est\u00e3o agindo de forma suspeita. As coisas que t\u00eam dito e feito n\u00e3o fazem sentido. Voc\u00ea os pegou em mentiras. Mas como saber realmente se seu parceiro tem sido fiel? Descubra se seu parceiro est\u00e1 traindo.<\/p>\n<p>[\/et_pb_text][et_pb_text _builder_version=&#8221;4.16&#8243; _module_preset=&#8221;default&#8221; text_font_size=&#8221;32px&#8221; header_2_text_color=&#8221;rgba(10,10,10,0.71)&#8221; header_2_font_size=&#8221;30px&#8221; header_4_text_color=&#8221;#535353&#8243; header_4_font_size=&#8221;32px&#8221; header_2_font_size_tablet=&#8221;24px&#8221; header_2_font_size_phone=&#8221;24px&#8221; header_2_font_size_last_edited=&#8221;on|tablet&#8221; header_4_font_size_tablet=&#8221;32px&#8221; header_4_font_size_phone=&#8221;21px&#8221; header_4_font_size_last_edited=&#8221;on|phone&#8221; global_colors_info=&#8221;{}&#8221;]<\/p>\n<div>\n<h2 style=\"text-align: center;\">Nossa miss\u00e3o<\/h2>\n<\/div>\n<p>[\/et_pb_text][et_pb_text _builder_version=&#8221;4.16&#8243; _module_preset=&#8221;default&#8221; text_text_color=&#8221;#535353&#8243; text_font_size=&#8221;22px&#8221; text_line_height=&#8221;1.8em&#8221; header_2_text_color=&#8221;#ed5d2e&#8221; header_2_font_size=&#8221;40px&#8221; text_font_size_tablet=&#8221;18px&#8221; text_font_size_phone=&#8221;18px&#8221; text_font_size_last_edited=&#8221;on|tablet&#8221; global_colors_info=&#8221;{}&#8221;]<\/p>\n<p>Descobrir se o seu parceiro est\u00e1 traindo pode parecer imposs\u00edvel. \u00c9 por isso que o AreYouCheating.com foi criado. Nosso servi\u00e7o conecta voc\u00ea anonimamente aos outros amantes do seu parceiro, capacitando todos \u2014 casados e solteiros \u2014 com a capacidade de descobrir se seus parceiros s\u00e3o infi\u00e9is.<\/p>\n<p><span>Nossa miss\u00e3o \u00e9 ajudar voc\u00ea a: superar rapidamente suas suspeitas, evitar infec\u00e7\u00f5es sexualmente transmiss\u00edveis, economizar tempo, dinheiro e energia, manter a privacidade e seguran\u00e7a, avan\u00e7ar com confian\u00e7a em relacionamentos saud\u00e1veis e transparentes.<\/span><\/p>\n<p>[\/et_pb_text][et_pb_text _builder_version=&#8221;4.16&#8243; _module_preset=&#8221;default&#8221; text_font_size=&#8221;32px&#8221; header_2_text_color=&#8221;rgba(10,10,10,0.71)&#8221; header_2_font_size=&#8221;30px&#8221; header_4_text_color=&#8221;#535353&#8243; header_4_font_size=&#8221;32px&#8221; header_2_font_size_tablet=&#8221;24px&#8221; header_2_font_size_phone=&#8221;24px&#8221; header_2_font_size_last_edited=&#8221;on|tablet&#8221; header_4_font_size_tablet=&#8221;32px&#8221; header_4_font_size_phone=&#8221;21px&#8221; header_4_font_size_last_edited=&#8221;on|phone&#8221; global_colors_info=&#8221;{}&#8221;]<\/p>\n<div>\n<h2 style=\"text-align: center;\">Como funciona<\/h2>\n<\/div>\n<p>[\/et_pb_text][et_pb_text _builder_version=&#8221;4.16&#8243; _module_preset=&#8221;default&#8221; text_text_color=&#8221;#535353&#8243; text_font_size=&#8221;22px&#8221; text_line_height=&#8221;1.8em&#8221; header_2_text_color=&#8221;#ed5d2e&#8221; header_2_font_size=&#8221;40px&#8221; text_font_size_tablet=&#8221;18px&#8221; text_font_size_phone=&#8221;18px&#8221; text_font_size_last_edited=&#8221;on|tablet&#8221; global_colors_info=&#8221;{}&#8221;]<\/p>\n<p>Use a \u00e1rea de inscri\u00e7\u00e3o \"CADASTRE-SE HOJE GRATUITAMENTE\" em qualquer p\u00e1gina de visitantes do nosso site para criar sua conta AYCSite.com. Uma vez que sua conta for criada, voc\u00ea poder\u00e1 fazer login e criar seu pr\u00f3prio perfil na se\u00e7\u00e3o MINHA CONTA.<\/p>\n<p>AYCSite.com lhe dar\u00e1 o poder de navegar melhor em suas decis\u00f5es de relacionamento.<\/p>\n<p>De acordo com os criadores deste servi\u00e7o, \"AYC\" significa duas coisas: \"Are You Cheating\" e \"AIDS in Your Community\". Ambos s\u00e3o intercambi\u00e1veis e altamente relevantes para este servi\u00e7o e sua base de usu\u00e1rios.<\/p>\n<p>AYCSite.com usa um motor de busca poderoso e personalizado que conecta membros por porcentagens que variam de 25% a 100%. Quanto mais informa\u00e7\u00f5es um membro fornecer nos crit\u00e9rios de busca, maiores ser\u00e3o as chances de receber a correspond\u00eancia desejada. Para usar nosso motor de busca personalizado, voc\u00ea deve primeiro criar uma conta em nosso site.<\/p>\n<p>N\u00e3o precisa se preocupar com a privacidade \u2014 nossas buscas s\u00e3o completamente an\u00f4nimas. O AYCSite.com foi projetado para dar aos seus membros a capacidade de permanecer totalmente an\u00f4nimos durante todo o processo de busca. Os membros t\u00eam a op\u00e7\u00e3o de criar um nome de usu\u00e1rio em vez de usar suas informa\u00e7\u00f5es pessoais reais.<\/p>\n<p>[\/et_pb_text][et_pb_text _builder_version=&#8221;4.16&#8243; _module_preset=&#8221;default&#8221; text_font_size=&#8221;32px&#8221; header_2_text_color=&#8221;rgba(10,10,10,0.71)&#8221; header_2_font_size=&#8221;30px&#8221; header_4_text_color=&#8221;#535353&#8243; header_4_font_size=&#8221;32px&#8221; custom_margin=&#8221;||||true|false&#8221; header_2_font_size_tablet=&#8221;24px&#8221; header_2_font_size_phone=&#8221;24px&#8221; header_2_font_size_last_edited=&#8221;on|tablet&#8221; header_4_font_size_tablet=&#8221;32px&#8221; header_4_font_size_phone=&#8221;21px&#8221; header_4_font_size_last_edited=&#8221;on|phone&#8221; global_colors_info=&#8221;{}&#8221;]<\/p>\n<div>\n<h2 style=\"text-align: center;\">Como descobrir se seu parceiro(a) est\u00e1 traindo:<\/h2>\n<\/div>\n<p>[\/et_pb_text][et_pb_text _builder_version=&#8221;4.16&#8243; _module_preset=&#8221;default&#8221; text_text_color=&#8221;#535353&#8243; text_font_size=&#8221;22px&#8221; text_line_height=&#8221;1.8em&#8221; header_2_text_color=&#8221;#ed5d2e&#8221; header_2_font_size=&#8221;40px&#8221; link_option_url=&#8221;https:\/\/aycsite.com\/&#8221; text_font_size_tablet=&#8221;18px&#8221; text_font_size_phone=&#8221;18px&#8221; text_font_size_last_edited=&#8221;on|tablet&#8221; global_colors_info=&#8221;{}&#8221;]<\/p>\n<p>1. Algo n\u00e3o parece certo. Confie em seu instinto. Voc\u00ea sabe quando algo est\u00e1 fora do normal. Voc\u00ea conhece as rotinas, o comportamento e a higiene pessoal do seu parceiro. O banheiro se tornou o novo lugar favorito? Se ele est\u00e1 tomando banho mais do que o habitual, logo que chega em casa, ou levando o telefone para o banheiro, pode estar escondendo algo. Ele est\u00e1 se irritando com voc\u00ea sem motivo, quando voc\u00eas nunca brigavam? Pode estar procurando uma desculpa para sair\u2026 e encontrar outra pessoa.<\/p>\n<p>2. Eles se tornaram distantes, emocionalmente desconectados, ou praticamente pararam de falar, exceto por respostas monossil\u00e1bicas. Voc\u00eas vivem juntos, mas parece que s\u00e3o apenas colegas de quarto em vez de parceiros. A rela\u00e7\u00e3o est\u00e1 fria. Voc\u00eas mal interagem, exceto ao se cruzarem ao sair para o trabalho. N\u00e3o falam sobre seus sentimentos, sobre o dia, sobre o jantar (quando foi a \u00faltima vez que jantaram juntos?) ou sobre qualquer coisa. Voc\u00ea costumava ser a prioridade n\u00famero um, mas agora parece que seu parceiro n\u00e3o se importa com seus desejos, necessidades e vontades. Eles n\u00e3o perguntam sobre o seu dia, sentimentos ou opini\u00f5es.<\/p>\n<p>3. Seu parceiro(a) te acusa de trai\u00e7\u00e3o. O qu\u00ea??? Sem provas, sem nenhuma evid\u00eancia. Eles est\u00e3o apenas virando a situa\u00e7\u00e3o contra voc\u00ea. \u00c9 muito comum que um traidor tente desviar o que est\u00e1 fazendo, acusando o parceiro. Se continuam te acusando de ser infiel e agir pelas sombras, isso pode facilmente ser um reflexo das pr\u00f3prias a\u00e7\u00f5es deles. \u00c9 um caso cl\u00e1ssico de \"fuma\u00e7a e espelhos\". Eles est\u00e3o desviando sua aten\u00e7\u00e3o do que realmente est\u00e1 acontecendo.<\/p>\n<p>4. Suas finan\u00e7as est\u00e3o desorganizadas. H\u00e1 dinheiro misteriosamente faltando da conta corrente conjunta sem explica\u00e7\u00e3o e h\u00e1 cobran\u00e7as no seu cart\u00e3o de cr\u00e9dito para coisas que voc\u00ea n\u00e3o comprou. Ou cobran\u00e7as de restaurantes que voc\u00ea nunca frequentou ou estadias em hot\u00e9is. Tamb\u00e9m \u00e9 poss\u00edvel que seu parceiro(a) tenha aberto outra conta sem te avisar ou tenha guardado dinheiro em esp\u00e9cie para encontros com outra pessoa.<\/p>\n<p>5. Eles param de dizer \u201cEu te amo.\u201d Esse \u00e9 de partir o cora\u00e7\u00e3o. Voc\u00eas costumavam dizer isso de manh\u00e3 e antes de dormir, ou quando desligavam o telefone. \u00c0s vezes, at\u00e9 mandavam um \u201cEu te amo\u201d por mensagem durante o dia. Agora voc\u00ea diz as palavras e n\u00e3o recebe resposta. \u00c9 como se eles n\u00e3o ouvissem, estivessem ignorando voc\u00ea, ou, pior ainda, j\u00e1 n\u00e3o te amassem mais.<\/p>\n<p>Para uma lista completa dos sinais de que seu parceiro est\u00e1 traindo, veja nosso <a href=\"https:\/\/aycsite.com\/pt\/\">home page.<\/a><\/p>\n<p>[\/et_pb_text][et_pb_text _builder_version=&#8221;4.16&#8243; _module_preset=&#8221;default&#8221; text_font_size=&#8221;32px&#8221; header_2_text_color=&#8221;rgba(10,10,10,0.71)&#8221; header_2_font_size=&#8221;30px&#8221; header_4_text_color=&#8221;#535353&#8243; header_4_font_size=&#8221;32px&#8221; custom_margin=&#8221;8%||8%||true|false&#8221; header_2_font_size_tablet=&#8221;24px&#8221; header_2_font_size_phone=&#8221;24px&#8221; header_2_font_size_last_edited=&#8221;on|tablet&#8221; header_4_font_size_tablet=&#8221;32px&#8221; header_4_font_size_phone=&#8221;21px&#8221; header_4_font_size_last_edited=&#8221;on|phone&#8221; global_colors_info=&#8221;{}&#8221;]<\/p>\n<h2 style=\"text-align: center;\">Voc\u00ea descobriu que seu parceiro est\u00e1 traindo\u2026 e agora?<\/h2>\n<p>[\/et_pb_text][et_pb_text _builder_version=&#8221;4.16&#8243; _module_preset=&#8221;default&#8221; text_text_color=&#8221;#535353&#8243; text_font_size=&#8221;22px&#8221; text_line_height=&#8221;1.8em&#8221; header_2_text_color=&#8221;#ed5d2e&#8221; header_2_font_size=&#8221;40px&#8221; link_option_url=&#8221;https:\/\/aycsite.com\/&#8221; text_font_size_tablet=&#8221;18px&#8221; text_font_size_phone=&#8221;18px&#8221; text_font_size_last_edited=&#8221;on|tablet&#8221; global_colors_info=&#8221;{}&#8221;]<\/p>\n<p><span>Voc\u00ea provavelmente est\u00e1 se sentindo tra\u00eddo, com raiva, triste, deprimido e com uma infinidade de outras emo\u00e7\u00f5es. Mas \u00e9 crucial que voc\u00ea n\u00e3o tome uma decis\u00e3o precipitada nem fa\u00e7a algo de que possa se arrepender mais tarde. Antes de jogar as roupas do seu parceiro pela janela e come\u00e7ar uma fogueira, considere o seguinte:<\/span><\/p>\n<p><span>1. Fique calmo. Respire fundo. Mesmo que voc\u00ea provavelmente esteja em um estado emocional intenso, reserve um momento para respirar e pensar. Em vez de come\u00e7ar a gritar, quebrar coisas e se tornar destrutivo, tire um tempo para ficar sozinho. Quem sabe, tome um bom banho quente. Todos n\u00f3s precisamos de um bom choro no chuveiro, n\u00e3o \u00e9?<\/span><\/p>\n<p><span>2. Fa\u00e7a o teste para doen\u00e7as sexualmente transmiss\u00edveis. N\u00e3o espere! Muitas DSTs, incluindo o HIV, podem ser evitadas se voc\u00ea fizer o teste cedo. AYC busca desempenhar um papel no combate \u00e0 AIDS e\u00a0<a href=\"https:\/\/areyoucheating.com\/prevention\/\">Preven\u00e7\u00e3o do HIV<\/a>\u00a0permitindo que os membros se informem sobre as conex\u00f5es de seus parceiros potenciais para tomar decis\u00f5es mais informadas antes da intimidade. Hoje, \u00e9 poss\u00edvel proteger a si mesmo, a seu parceiro e at\u00e9 a seu beb\u00ea ainda n\u00e3o nascido contra infec\u00e7\u00f5es, mantendo-se informado e educado.<\/span><\/p>\n<p><span>3. Pergunte qualquer coisa\u2026 se voc\u00ea quiser saber. A verdade veio \u00e0 tona. Todas as cartas est\u00e3o na mesa. Ent\u00e3o, se ainda h\u00e1 perguntas pendentes que podem ajudar no processo de cura, agora \u00e9 a hora. Muitas pessoas t\u00eam uma grande pergunta \u2014 POR QU\u00ca? Voc\u00ea se pergunta: Foi algo que eu fiz? Ou algo que eu n\u00e3o fiz? Frequentemente, o parceiro(a) pode dizer: \u201cAconteceu\u201d, mas raramente \u00e9 esse o caso. Normalmente, existe alguma necessidade subjacente n\u00e3o satisfeita na rela\u00e7\u00e3o, f\u00edsica ou emocional. Embora alguns possam n\u00e3o ter uma resposta real para o seu \u201cpor qu\u00ea\u201d. Infelizmente, pode ter sido apenas um pouco de excita\u00e7\u00e3o extra, a adrenalina da conquista.<\/span><\/p>\n<p><span>4. Resista ao impulso de trair tamb\u00e9m. Dois erros n\u00e3o fazem um acerto. Voc\u00ea acha que assim ir\u00e1 revidar com seu parceiro(a). Que voc\u00ea se sentir\u00e1 melhor por se vingar. Mas a verdade \u00e9 que voc\u00ea apenas se sentir\u00e1 pior com rela\u00e7\u00e3o ao relacionamento. E consigo mesmo(a). Em vez disso, tente o n\u00ba 5.<\/span><\/p>\n<p><span>5. D\u00ea tempo. O tempo cura todas as feridas, ou pelo menos \u00e9 o que dizem. Converse com seu parceiro, com um profissional, com um conselheiro matrimonial, ou com todos eles. Veja onde voc\u00ea quer que essa rela\u00e7\u00e3o v\u00e1, onde ela pode ir, ou se ela j\u00e1 se foi. E ent\u00e3o fa\u00e7a o #6.<\/span><\/p>\n<p><span>6. Tome uma decis\u00e3o. Voc\u00ea analisou tudo. Conhece os detalhes. Conversou com um conselheiro e agora precisa decidir: vale a pena salvar essa rela\u00e7\u00e3o? Quer dedicar tempo e esfor\u00e7o para fazer as coisas funcionarem novamente? Pode trabalhar na reconstru\u00e7\u00e3o da confian\u00e7a? O amor ainda est\u00e1 l\u00e1? Ou acabou? Voc\u00ea vai arrumar suas coisas, seguir caminhos diferentes e come\u00e7ar um novo cap\u00edtulo da sua vida sem o outro?<\/span><\/p>\n<p><span>Agora que voc\u00ea deu os passos para descobrir se seu parceiro est\u00e1 traindo, esperamos que voc\u00ea possa reconstruir a confian\u00e7a com essas pessoas ou ter a for\u00e7a para iniciar um novo cap\u00edtulo em sua vida, seja com um novo parceiro ou aproveitando algum tempo solteiro.<\/span><\/p>\n<p><span>Conhece outras pessoas que poderiam se beneficiar do AYC? Junte-se ao nosso\u00a0<a href=\"https:\/\/aycsite.com\/pt\/associates\/\">Programa de associados<\/a>.<\/span><\/p>\n<p>[\/et_pb_text][\/et_pb_column][\/et_pb_row][\/et_pb_section]<\/p>","protected":false},"excerpt":{"rendered":"<p>Find Out if Your Partner is Cheating AYC Shows You How to Find Out if Your Partner is Cheating They\u2019re acting suspiciously. Things they have been saying and doing don\u2019t make sense. You caught them in lies. But how do you really know your partner has not been faithful? Find out if your partner is [&hellip;]<\/p>","protected":false},"author":1,"featured_media":0,"parent":0,"menu_order":0,"comment_status":"closed","ping_status":"closed","template":"","meta":{"_et_pb_use_builder":"on","_et_pb_old_content":"","_et_gb_content_width":"","pmpro_default_level":"","footnotes":""},"class_list":["post-18","page","type-page","status-publish","hentry","pmpro-has-access"],"aioseo_notices":[],"_links":{"self":[{"href":"https:\/\/aycsite.com\/pt\/wp-json\/wp\/v2\/pages\/18","targetHints":{"allow":["GET"]}}],"collection":[{"href":"https:\/\/aycsite.com\/pt\/wp-json\/wp\/v2\/pages"}],"about":[{"href":"https:\/\/aycsite.com\/pt\/wp-json\/wp\/v2\/types\/page"}],"author":[{"embeddable":true,"href":"https:\/\/aycsite.com\/pt\/wp-json\/wp\/v2\/users\/1"}],"replies":[{"embeddable":true,"href":"https:\/\/aycsite.com\/pt\/wp-json\/wp\/v2\/comments?post=18"}],"version-history":[{"count":14,"href":"https:\/\/aycsite.com\/pt\/wp-json\/wp\/v2\/pages\/18\/revisions"}],"predecessor-version":[{"id":226902,"href":"https:\/\/aycsite.com\/pt\/wp-json\/wp\/v2\/pages\/18\/revisions\/226902"}],"wp:attachment":[{"href":"https:\/\/aycsite.com\/pt\/wp-json\/wp\/v2\/media?parent=18"}],"curies":[{"name":"wp","href":"https:\/\/api.w.org\/{rel}","templated":true}]}}