{"id":18,"date":"2021-10-28T19:47:36","date_gmt":"2021-10-29T00:47:36","guid":{"rendered":"https:\/\/dev.aycsite.com\/wp\/?page_id=18"},"modified":"2025-03-20T15:59:20","modified_gmt":"2025-03-20T20:59:20","slug":"about","status":"publish","type":"page","link":"https:\/\/aycsite.com\/de\/about\/","title":{"rendered":"\u00dcber"},"content":{"rendered":"<p>[et_pb_section fb_built=&#8221;1&#8243; disabled_on=&#8221;off|off|off&#8221; _builder_version=&#8221;4.17.4&#8243; _module_preset=&#8221;default&#8221; custom_padding=&#8221;0px||0px||true|false&#8221; sticky_position=&#8221;top&#8221; global_module=&#8221;198&#8243; saved_tabs=&#8221;all&#8221; global_colors_info=&#8221;{}&#8221;][\/et_pb_section][et_pb_section fb_built=&#8221;1&#8243; _builder_version=&#8221;4.17.4&#8243; _module_preset=&#8221;default&#8221; background_color=&#8221;#f1f5f6&#8243; global_colors_info=&#8221;{}&#8221;][et_pb_row disabled_on=&#8221;on|on|on&#8221; _builder_version=&#8221;4.17.4&#8243; _module_preset=&#8221;default&#8221; width_tablet=&#8221;700px&#8221; width_phone=&#8221;85%&#8221; width_last_edited=&#8221;on|phone&#8221; custom_padding=&#8221;0px||0px||false|false&#8221; disabled=&#8221;on&#8221; global_colors_info=&#8221;{}&#8221;][et_pb_column type=&#8221;4_4&#8243; _builder_version=&#8221;4.16&#8243; _module_preset=&#8221;default&#8221; global_colors_info=&#8221;{}&#8221;][et_pb_contact_form captcha=&#8221;off&#8221; submit_button_text=&#8221;Search&#8221; disabled_on=&#8221;off|on|on&#8221; _builder_version=&#8221;4.16&#8243; _module_preset=&#8221;default&#8221; _unique_id=&#8221;b8855dd4-4c17-4a86-b401-b44045cb71b8&#8243; form_field_font=&#8221;SF-UI-Display-Regular||||||||&#8221; form_field_font_size=&#8221;16px&#8221; custom_button=&#8221;on&#8221; button_text_size=&#8221;16px&#8221; button_text_color=&#8221;#FFFFFF&#8221; button_bg_color=&#8221;#ed5d2e&#8221; button_border_width=&#8221;2.5px&#8221; button_border_color=&#8221;#ed5d2e&#8221; button_border_radius=&#8221;3px&#8221; border_width_all=&#8221;1px&#8221; border_color_all=&#8221;#ed5d2e&#8221; global_colors_info=&#8221;{}&#8221;][et_pb_contact_field field_id=&#8221;Phonedig&#8221; field_title=&#8221;Enter The Last Four Digits of a Phone Number&#8221; fullwidth_field=&#8221;on&#8221; _builder_version=&#8221;4.16&#8243; form_field_background_color=&#8221;rgba(255,255,255,0.86)&#8221; border_radii=&#8221;on|3px|3px|3px|3px&#8221; global_colors_info=&#8221;{}&#8221; button_text_size__hover_enabled=&#8221;off&#8221; button_one_text_size__hover_enabled=&#8221;off&#8221; button_two_text_size__hover_enabled=&#8221;off&#8221; button_text_color__hover_enabled=&#8221;off&#8221; button_one_text_color__hover_enabled=&#8221;off&#8221; button_two_text_color__hover_enabled=&#8221;off&#8221; button_border_width__hover_enabled=&#8221;off&#8221; button_one_border_width__hover_enabled=&#8221;off&#8221; button_two_border_width__hover_enabled=&#8221;off&#8221; button_border_color__hover_enabled=&#8221;off&#8221; button_one_border_color__hover_enabled=&#8221;off&#8221; button_two_border_color__hover_enabled=&#8221;off&#8221; button_border_radius__hover_enabled=&#8221;off&#8221; button_one_border_radius__hover_enabled=&#8221;off&#8221; button_two_border_radius__hover_enabled=&#8221;off&#8221; button_letter_spacing__hover_enabled=&#8221;off&#8221; button_one_letter_spacing__hover_enabled=&#8221;off&#8221; button_two_letter_spacing__hover_enabled=&#8221;off&#8221; button_bg_color__hover_enabled=&#8221;off&#8221; button_one_bg_color__hover_enabled=&#8221;off&#8221; button_two_bg_color__hover_enabled=&#8221;off&#8221;][\/et_pb_contact_field][\/et_pb_contact_form][et_pb_contact_form captcha=&#8221;off&#8221; submit_button_text=&#8221;Search&#8221; disabled_on=&#8221;on|off|off&#8221; module_class=&#8221;dd_single_line_form&#8221; _builder_version=&#8221;4.16&#8243; _module_preset=&#8221;default&#8221; _unique_id=&#8221;4b004e75-47ad-453d-80b7-c19dd60aa3b3&#8243; form_field_font=&#8221;SF-UI-Display-Regular||||||||&#8221; form_field_font_size=&#8221;16px&#8221; custom_button=&#8221;on&#8221; button_text_size=&#8221;16px&#8221; button_text_color=&#8221;#FFFFFF&#8221; button_bg_color=&#8221;#ed5d2e&#8221; button_border_width=&#8221;2.5px&#8221; button_border_color=&#8221;#ed5d2e&#8221; button_border_radius=&#8221;3px&#8221; border_width_all=&#8221;1px&#8221; border_color_all=&#8221;#ed5d2e&#8221; global_colors_info=&#8221;{}&#8221;][et_pb_contact_field field_id=&#8221;Phonedig&#8221; field_title=&#8221;Enter The Last Four Digits of a Phone Number&#8221; fullwidth_field=&#8221;on&#8221; _builder_version=&#8221;4.16&#8243; form_field_background_color=&#8221;rgba(255,255,255,0.86)&#8221; border_radii=&#8221;on|3px|3px|3px|3px&#8221; global_colors_info=&#8221;{}&#8221; button_text_size__hover_enabled=&#8221;off&#8221; button_one_text_size__hover_enabled=&#8221;off&#8221; button_two_text_size__hover_enabled=&#8221;off&#8221; button_text_color__hover_enabled=&#8221;off&#8221; button_one_text_color__hover_enabled=&#8221;off&#8221; button_two_text_color__hover_enabled=&#8221;off&#8221; button_border_width__hover_enabled=&#8221;off&#8221; button_one_border_width__hover_enabled=&#8221;off&#8221; button_two_border_width__hover_enabled=&#8221;off&#8221; button_border_color__hover_enabled=&#8221;off&#8221; button_one_border_color__hover_enabled=&#8221;off&#8221; button_two_border_color__hover_enabled=&#8221;off&#8221; button_border_radius__hover_enabled=&#8221;off&#8221; button_one_border_radius__hover_enabled=&#8221;off&#8221; button_two_border_radius__hover_enabled=&#8221;off&#8221; button_letter_spacing__hover_enabled=&#8221;off&#8221; button_one_letter_spacing__hover_enabled=&#8221;off&#8221; button_two_letter_spacing__hover_enabled=&#8221;off&#8221; button_bg_color__hover_enabled=&#8221;off&#8221; button_one_bg_color__hover_enabled=&#8221;off&#8221; button_two_bg_color__hover_enabled=&#8221;off&#8221;][\/et_pb_contact_field][\/et_pb_contact_form][\/et_pb_column][\/et_pb_row][et_pb_row _builder_version=&#8221;4.16&#8243; _module_preset=&#8221;default&#8221; global_colors_info=&#8221;{}&#8221;][et_pb_column type=&#8221;4_4&#8243; _builder_version=&#8221;4.16&#8243; _module_preset=&#8221;default&#8221; global_colors_info=&#8221;{}&#8221;][et_pb_image src=&#8221;https:\/\/aycsite.com\/wp-content\/uploads\/about-banner.jpg&#8221; title_text=&#8221;about-banner&#8221; _builder_version=&#8221;4.16&#8243; _module_preset=&#8221;default&#8221; hover_enabled=&#8221;0&#8243; global_colors_info=&#8221;{}&#8221; sticky_enabled=&#8221;0&#8243;][\/et_pb_image][et_pb_code _builder_version=&#8221;4.16&#8243; _module_preset=&#8221;default&#8221; global_colors_info=&#8221;{}&#8221;]<\/p>\n<style><!-- [et_pb_line_break_holder] -->.section-title h2:before {<!-- [et_pb_line_break_holder] -->    left: 0;<!-- [et_pb_line_break_holder] -->}<!-- [et_pb_line_break_holder] -->.section-title h2:before, .section-title h2:after {<!-- [et_pb_line_break_holder] -->    content: \"\";<!-- [et_pb_line_break_holder] -->    width: 10px;<!-- [et_pb_line_break_holder] -->    height: 10px;<!-- [et_pb_line_break_holder] -->    background: #ff5723;<!-- [et_pb_line_break_holder] -->    position: absolute;<!-- [et_pb_line_break_holder] -->    transform: rotate(<!-- [et_pb_line_break_holder] -->45deg);<!-- [et_pb_line_break_holder] -->    bottom: -6px;<!-- [et_pb_line_break_holder] -->}<!-- [et_pb_line_break_holder] --><!-- [et_pb_line_break_holder] -->.section-title h2:after {<!-- [et_pb_line_break_holder] -->    right: 0;<!-- [et_pb_line_break_holder] -->}<!-- [et_pb_line_break_holder] --><!-- [et_pb_line_break_holder] -->.section-title h2:before, .section-title h2:after {<!-- [et_pb_line_break_holder] -->    content: \"\";<!-- [et_pb_line_break_holder] -->    width: 10px;<!-- [et_pb_line_break_holder] -->    height: 10px;<!-- [et_pb_line_break_holder] -->    background: #ff5723;<!-- [et_pb_line_break_holder] -->    position: absolute;<!-- [et_pb_line_break_holder] -->    transform: rotate(<!-- [et_pb_line_break_holder] -->45deg);<!-- [et_pb_line_break_holder] -->    bottom: -6px;<!-- [et_pb_line_break_holder] -->}<!-- [et_pb_line_break_holder] -->  .section-title h2 {<!-- [et_pb_line_break_holder] -->    color: #ff5723;<!-- [et_pb_line_break_holder] -->    font-size: 40px;<!-- [et_pb_line_break_holder] -->    letter-spacing: 1px;<!-- [et_pb_line_break_holder] -->    position: relative;<!-- [et_pb_line_break_holder] -->    border-bottom: 2px solid #ff5723;<!-- [et_pb_line_break_holder] -->    display: inline-block;<!-- [et_pb_line_break_holder] -->    text-align: center;<!-- [et_pb_line_break_holder] -->    padding: 0 14px 5px;<!-- [et_pb_line_break_holder] -->    margin-bottom: 25px;<!-- [et_pb_line_break_holder] -->}<!-- [et_pb_line_break_holder] --><\/style>\n<p><!-- [et_pb_line_break_holder] --><!-- [et_pb_line_break_holder] --><center><!-- [et_pb_line_break_holder] --> <\/p>\n<div class=\"join-our-team-block section-title\"><!-- [et_pb_line_break_holder] -->                                      <\/p>\n<h2>Unsere Mission<\/h2>\n<p><!-- [et_pb_line_break_holder] -->                                                    <!-- [et_pb_line_break_holder] -->                 <!-- [et_pb_line_break_holder] -->                                  <\/div>\n<p><!-- [et_pb_line_break_holder] --><\/center>[\/et_pb_code][et_pb_text _builder_version=&#8221;4.16&#8243; _module_preset=&#8221;default&#8221; text_font_size=&#8221;32px&#8221; header_4_text_color=&#8221;#535353&#8243; header_4_font_size=&#8221;32px&#8221; hover_enabled=&#8221;0&#8243; header_font_size_tablet=&#8221;24px&#8221; header_font_size_phone=&#8221;24px&#8221; header_font_size_last_edited=&#8221;on|tablet&#8221; header_4_font_size_tablet=&#8221;32px&#8221; header_4_font_size_phone=&#8221;21px&#8221; header_4_font_size_last_edited=&#8221;on|phone&#8221; global_colors_info=&#8221;{}&#8221; sticky_enabled=&#8221;0&#8243;]<\/p>\n<div>\n<h1 style=\"text-align: center;\">Finden Sie heraus, ob Ihr Partner betr\u00fcgt<\/h1>\n<\/div>\n<p>[\/et_pb_text][et_pb_text _builder_version=&#8221;4.16&#8243; _module_preset=&#8221;default&#8221; text_font_size=&#8221;32px&#8221; header_2_text_color=&#8221;rgba(10,10,10,0.71)&#8221; header_2_font_size=&#8221;30px&#8221; header_4_text_color=&#8221;#535353&#8243; header_4_font_size=&#8221;32px&#8221; header_font_size_tablet=&#8221;24px&#8221; header_font_size_phone=&#8221;24px&#8221; header_font_size_last_edited=&#8221;on|tablet&#8221; header_2_font_size_tablet=&#8221;24px&#8221; header_2_font_size_phone=&#8221;24px&#8221; header_2_font_size_last_edited=&#8221;on|tablet&#8221; header_4_font_size_tablet=&#8221;32px&#8221; header_4_font_size_phone=&#8221;21px&#8221; header_4_font_size_last_edited=&#8221;on|phone&#8221; global_colors_info=&#8221;{}&#8221;]<\/p>\n<div>\n<h2 style=\"text-align: center;\">AYC zeigt Ihnen, wie Sie herausfinden, ob Ihr Partner betr\u00fcgt.<\/h2>\n<\/div>\n<p>[\/et_pb_text][et_pb_text _builder_version=&#8221;4.17.4&#8243; _module_preset=&#8221;default&#8221; text_text_color=&#8221;#535353&#8243; text_font_size=&#8221;22px&#8221; text_line_height=&#8221;1.8em&#8221; header_2_text_color=&#8221;#ed5d2e&#8221; header_2_font_size=&#8221;40px&#8221; text_font_size_tablet=&#8221;18px&#8221; text_font_size_phone=&#8221;18px&#8221; text_font_size_last_edited=&#8221;on|tablet&#8221; global_colors_info=&#8221;{}&#8221;]<\/p>\n<p>Sie verhalten sich verd\u00e4chtig. Dinge, die sie sagen und tun, ergeben keinen Sinn. Sie haben sie beim L\u00fcgen erwischt. Aber wie wissen Sie wirklich, ob Ihr Partner treu war? Finden Sie heraus, ob Ihr Partner betr\u00fcgt.<\/p>\n<p>[\/et_pb_text][et_pb_text _builder_version=&#8221;4.16&#8243; _module_preset=&#8221;default&#8221; text_font_size=&#8221;32px&#8221; header_2_text_color=&#8221;rgba(10,10,10,0.71)&#8221; header_2_font_size=&#8221;30px&#8221; header_4_text_color=&#8221;#535353&#8243; header_4_font_size=&#8221;32px&#8221; header_2_font_size_tablet=&#8221;24px&#8221; header_2_font_size_phone=&#8221;24px&#8221; header_2_font_size_last_edited=&#8221;on|tablet&#8221; header_4_font_size_tablet=&#8221;32px&#8221; header_4_font_size_phone=&#8221;21px&#8221; header_4_font_size_last_edited=&#8221;on|phone&#8221; global_colors_info=&#8221;{}&#8221;]<\/p>\n<div>\n<h2 style=\"text-align: center;\">Unsere Mission<\/h2>\n<\/div>\n<p>[\/et_pb_text][et_pb_text _builder_version=&#8221;4.16&#8243; _module_preset=&#8221;default&#8221; text_text_color=&#8221;#535353&#8243; text_font_size=&#8221;22px&#8221; text_line_height=&#8221;1.8em&#8221; header_2_text_color=&#8221;#ed5d2e&#8221; header_2_font_size=&#8221;40px&#8221; text_font_size_tablet=&#8221;18px&#8221; text_font_size_phone=&#8221;18px&#8221; text_font_size_last_edited=&#8221;on|tablet&#8221; global_colors_info=&#8221;{}&#8221;]<\/p>\n<p>Herauszufinden, ob Ihr Partner betr\u00fcgt, scheint unm\u00f6glich. Deshalb wurde AreYouCheating.com geschaffen. Unser Service verbindet Sie anonym mit den anderen Liebhabern Ihres Partners und erm\u00f6glicht es jedem \u2014 verheiratet oder ledig \u2014 herauszufinden, ob ihr Partner untreu ist.<\/p>\n<p><span>Unsere Mission ist es, Ihnen zu helfen: Ihre Verd\u00e4chtigungen schnell zu \u00fcberwinden, sexuell \u00fcbertragbare Infektionen zu vermeiden, Zeit, Geld und Energie zu sparen, Privatsph\u00e4re und Sicherheit zu gew\u00e4hrleisten und selbstbewusst in gesunde und transparente Beziehungen voranzuschreiten.<\/span><\/p>\n<p>[\/et_pb_text][et_pb_text _builder_version=&#8221;4.16&#8243; _module_preset=&#8221;default&#8221; text_font_size=&#8221;32px&#8221; header_2_text_color=&#8221;rgba(10,10,10,0.71)&#8221; header_2_font_size=&#8221;30px&#8221; header_4_text_color=&#8221;#535353&#8243; header_4_font_size=&#8221;32px&#8221; header_2_font_size_tablet=&#8221;24px&#8221; header_2_font_size_phone=&#8221;24px&#8221; header_2_font_size_last_edited=&#8221;on|tablet&#8221; header_4_font_size_tablet=&#8221;32px&#8221; header_4_font_size_phone=&#8221;21px&#8221; header_4_font_size_last_edited=&#8221;on|phone&#8221; global_colors_info=&#8221;{}&#8221;]<\/p>\n<div>\n<h2 style=\"text-align: center;\">Wie es funktioniert<\/h2>\n<\/div>\n<p>[\/et_pb_text][et_pb_text _builder_version=&#8221;4.16&#8243; _module_preset=&#8221;default&#8221; text_text_color=&#8221;#535353&#8243; text_font_size=&#8221;22px&#8221; text_line_height=&#8221;1.8em&#8221; header_2_text_color=&#8221;#ed5d2e&#8221; header_2_font_size=&#8221;40px&#8221; text_font_size_tablet=&#8221;18px&#8221; text_font_size_phone=&#8221;18px&#8221; text_font_size_last_edited=&#8221;on|tablet&#8221; global_colors_info=&#8221;{}&#8221;]<\/p>\n<p>Verwenden Sie den \"HEUTE KOSTENLOS ANMELDEN\"-Bereich auf einer beliebigen Besucher-Seite unserer Website, um Ihr AYCSite.com-Konto zu erstellen. Sobald Ihr Konto erstellt ist, k\u00f6nnen Sie sich anmelden und Ihr eigenes Profil im MEIN KONTO-Bereich erstellen.<\/p>\n<p>AYCSite.com wird Ihnen die Macht geben, Ihre Beziehungsentscheidungen besser zu navigieren.<\/p>\n<p>Laut den Entwicklern dieses Dienstes steht \u201eAYC\u201c f\u00fcr zwei Dinge: \u201eAre You Cheating\u201c und \u201eAIDS in Your Community\u201c. Beide Begriffe sind austauschbar und hochrelevant f\u00fcr diesen Dienst und seine Benutzerbasis.<\/p>\n<p>AYCSite.com verwendet eine leistungsstarke, ma\u00dfgeschneiderte Suchmaschine, die Mitglieder mit \u00dcbereinstimmungsprozents\u00e4tzen von 25\u202f% bis 100\u202f% verbindet. Je mehr Informationen ein Mitglied in den Suchkriterien angibt, desto h\u00f6her sind die Chancen, die gew\u00fcnschte \u00dcbereinstimmung zu erhalten. Um unsere ma\u00dfgeschneiderte Suchmaschine zu nutzen, m\u00fcssen Sie zun\u00e4chst ein Konto auf unserer Website erstellen.<\/p>\n<p>Keine Sorge um die Privatsph\u00e4re \u2013 unsere Suchvorg\u00e4nge sind v\u00f6llig anonym. AYCSite.com wurde entwickelt, um seinen Mitgliedern die M\u00f6glichkeit zu geben, w\u00e4hrend des gesamten Suchprozesses anonym zu bleiben. Mitglieder haben die Option, einen Benutzernamen zu erstellen, anstatt ihre echten pers\u00f6nlichen Informationen zu verwenden.<\/p>\n<p>[\/et_pb_text][et_pb_text _builder_version=&#8221;4.16&#8243; _module_preset=&#8221;default&#8221; text_font_size=&#8221;32px&#8221; header_2_text_color=&#8221;rgba(10,10,10,0.71)&#8221; header_2_font_size=&#8221;30px&#8221; header_4_text_color=&#8221;#535353&#8243; header_4_font_size=&#8221;32px&#8221; custom_margin=&#8221;||||true|false&#8221; header_2_font_size_tablet=&#8221;24px&#8221; header_2_font_size_phone=&#8221;24px&#8221; header_2_font_size_last_edited=&#8221;on|tablet&#8221; header_4_font_size_tablet=&#8221;32px&#8221; header_4_font_size_phone=&#8221;21px&#8221; header_4_font_size_last_edited=&#8221;on|phone&#8221; global_colors_info=&#8221;{}&#8221;]<\/p>\n<div>\n<h2 style=\"text-align: center;\">Wie Sie herausfinden, ob Ihr Partner fremdgeht:<\/h2>\n<\/div>\n<p>[\/et_pb_text][et_pb_text _builder_version=&#8221;4.16&#8243; _module_preset=&#8221;default&#8221; text_text_color=&#8221;#535353&#8243; text_font_size=&#8221;22px&#8221; text_line_height=&#8221;1.8em&#8221; header_2_text_color=&#8221;#ed5d2e&#8221; header_2_font_size=&#8221;40px&#8221; link_option_url=&#8221;https:\/\/aycsite.com\/&#8221; text_font_size_tablet=&#8221;18px&#8221; text_font_size_phone=&#8221;18px&#8221; text_font_size_last_edited=&#8221;on|tablet&#8221; global_colors_info=&#8221;{}&#8221;]<\/p>\n<p>1. Irgendetwas stimmt nicht. Vertrauen Sie Ihrem Bauchgef\u00fchl. Sie wissen, wenn etwas nicht stimmt. Sie kennen die Routinen, das Verhalten und die pers\u00f6nliche Hygiene Ihres Partners. Ist das Badezimmer ihr neuer Lieblingsort geworden? Duschen sie h\u00e4ufiger als sonst, direkt wenn sie nach Hause kommen, oder nehmen sie ihr Telefon mit ins Bad? Vielleicht verbergen sie etwas. Schnauzen sie Sie pl\u00f6tzlich ohne Grund an, obwohl Sie sich sonst nie gestritten haben? Sie k\u00f6nnten einen Vorwand suchen, um hinauszust\u00fcrmen\u2026 und sich mit jemand anderem zu treffen.<\/p>\n<p>2. Sie sind distanziert geworden, emotional abgekoppelt oder antworten nur noch mit einsilbigen Worten. Sie leben zusammen, f\u00fchlen sich aber eher wie Mitbewohner als wie Partner. Ihre Beziehung f\u00fchlt sich kalt an. Sie interagieren kaum noch, au\u00dfer wenn Sie sich beim Verlassen des Hauses f\u00fcr die Arbeit \u00fcber den Weg laufen. Sie sprechen nicht \u00fcber Ihre Gef\u00fchle, Ihren Tag, das Abendessen (wann haben Sie das letzte Mal zusammen gegessen?) oder \u00fcber irgendetwas anderes. Fr\u00fcher waren Sie die oberste Priorit\u00e4t, aber jetzt scheint es, als w\u00e4re Ihrem Partner alles egal, was Ihre W\u00fcnsche und Bed\u00fcrfnisse angeht. Sie fragen nicht nach Ihrem Tag, Ihren Gef\u00fchlen oder Meinungen.<\/p>\n<p>3. Ihr Partner beschuldigt Sie des Betrugs. Was??? Keine Beweise, keine Anhaltspunkte. Sie drehen einfach den Spie\u00df um. Es ist sehr typisch f\u00fcr einen Betr\u00fcger, durch Anschuldigungen von sich abzulenken. Wenn sie weiterhin behaupten, Sie seien untreu und w\u00fcrden sich heimlich herumtreiben, k\u00f6nnte das durchaus ihre eigenen Taten widerspiegeln. Es ist ein klassischer Fall von \u201eRauch und Spiegeln\u201c. Sie lenken Ihre Aufmerksamkeit von dem, was wirklich vor sich geht.<\/p>\n<p>4. Ihre Finanzen sind durcheinander. Es fehlen unerkl\u00e4rlich Gelder vom gemeinsamen Konto, und es gibt Belastungen auf Ihrer Kreditkarte f\u00fcr Dinge, die Sie nicht gekauft haben. Oder f\u00fcr Restaurants, in denen Sie nie waren, oder Hotel\u00fcbernachtungen. Es ist auch m\u00f6glich, dass Ihr Partner ein weiteres Konto er\u00f6ffnet hat, ohne Sie zu informieren, oder Bargeld f\u00fcr andere Zwecke zur\u00fcckgelegt hat.<\/p>\n<p>5. Sie h\u00f6ren auf, \u201eIch liebe dich\u201c zu sagen. Das ist herzzerrei\u00dfend. Fr\u00fcher haben Sie es morgens gesagt, bevor Sie ins Bett gingen, oder beim Auflegen des Telefons. Manchmal haben Sie sich sogar tags\u00fcber eine SMS mit \u201eIch liebe dich\u201c geschickt. Jetzt sagen Sie die Worte und bekommen nichts zur\u00fcck. Es ist, als ob sie Sie nicht h\u00f6ren oder Sie ignorieren, oder schlimmer noch, als ob sie Sie nicht mehr lieben.<\/p>\n<p>F\u00fcr eine vollst\u00e4ndige Liste der Anzeichen, dass Ihr Partner fremdgeht, sehen Sie auf unserer <a href=\"https:\/\/aycsite.com\/de\/\">home page.<\/a><\/p>\n<p>[\/et_pb_text][et_pb_text _builder_version=&#8221;4.16&#8243; _module_preset=&#8221;default&#8221; text_font_size=&#8221;32px&#8221; header_2_text_color=&#8221;rgba(10,10,10,0.71)&#8221; header_2_font_size=&#8221;30px&#8221; header_4_text_color=&#8221;#535353&#8243; header_4_font_size=&#8221;32px&#8221; custom_margin=&#8221;8%||8%||true|false&#8221; header_2_font_size_tablet=&#8221;24px&#8221; header_2_font_size_phone=&#8221;24px&#8221; header_2_font_size_last_edited=&#8221;on|tablet&#8221; header_4_font_size_tablet=&#8221;32px&#8221; header_4_font_size_phone=&#8221;21px&#8221; header_4_font_size_last_edited=&#8221;on|phone&#8221; global_colors_info=&#8221;{}&#8221;]<\/p>\n<h2 style=\"text-align: center;\">Sie haben herausgefunden, dass Ihr Partner fremdgeht\u2026 was nun?<\/h2>\n<p>[\/et_pb_text][et_pb_text _builder_version=&#8221;4.16&#8243; _module_preset=&#8221;default&#8221; text_text_color=&#8221;#535353&#8243; text_font_size=&#8221;22px&#8221; text_line_height=&#8221;1.8em&#8221; header_2_text_color=&#8221;#ed5d2e&#8221; header_2_font_size=&#8221;40px&#8221; link_option_url=&#8221;https:\/\/aycsite.com\/&#8221; text_font_size_tablet=&#8221;18px&#8221; text_font_size_phone=&#8221;18px&#8221; text_font_size_last_edited=&#8221;on|tablet&#8221; global_colors_info=&#8221;{}&#8221;]<\/p>\n<p><span>Sie f\u00fchlen sich wahrscheinlich betrogen, w\u00fctend, traurig, niedergeschlagen und empfinden eine Vielzahl anderer Emotionen. Doch es ist wichtig, keine \u00fcbereilte Entscheidung zu treffen oder etwas zu tun, das Sie sp\u00e4ter bereuen k\u00f6nnten. Bevor Sie die Kleidung Ihres Partners aus dem Fenster werfen und ein Lagerfeuer anz\u00fcnden, denken Sie \u00fcber Folgendes nach:<\/span><\/p>\n<p><span>1. Bleiben Sie ruhig. Atmen Sie tief durch. Auch wenn Sie wahrscheinlich in einem sehr emotionalen Zustand sind, nehmen Sie sich einen Moment, um einfach zu atmen und nachzudenken. Anstatt in einen Schreianfall zu verfallen, Dinge zu zerst\u00f6ren und destruktiv zu werden, g\u00f6nnen Sie sich etwas Zeit f\u00fcr sich allein. Vielleicht nehmen Sie eine sch\u00f6ne, warme Dusche. Ein guter Dusch-Heulkrampf tut doch jedem mal gut, oder?<\/span><\/p>\n<p><span>2. Lassen Sie sich auf sexuell \u00fcbertragbare Krankheiten testen. Warten Sie nicht! Viele sexuell \u00fcbertragbare Krankheiten, einschlie\u00dflich HIV, k\u00f6nnen verhindert werden, wenn Sie fr\u00fchzeitig getestet werden. AYC m\u00f6chte eine Rolle im Kampf gegen AIDS und\u00a0<a href=\"https:\/\/areyoucheating.com\/prevention\/\">HIV-Pr\u00e4vention<\/a>\u00a0indem Mitglieder sich \u00fcber die Verbindungen ihres potenziellen Partners informieren k\u00f6nnen, um fundiertere Entscheidungen vor der Intimit\u00e4t zu treffen. Heute ist es m\u00f6glich, sich selbst, seinen Partner und sogar sein ungeborenes Kind vor Infektionen zu sch\u00fctzen, indem man informiert und aufgekl\u00e4rt bleibt.<\/span><\/p>\n<p><span>3. Fragen Sie alles \u2026 wenn Sie es wissen wollen. Die Wahrheit ist heraus. Alle Karten liegen auf dem Tisch. Wenn es also noch Fragen gibt, auf die Sie eine Antwort brauchen, um den Heilungsprozess zu unterst\u00fctzen, ist jetzt der Zeitpunkt daf\u00fcr. Viele Menschen haben eine gro\u00dfe Frage \u2014 WARUM? Sie fragen sich: War es etwas, das ich getan habe? Oder etwas, das ich nicht getan habe? Oft sagt der Partner: \u201eEs ist einfach passiert\u201c, aber das ist selten der Fall. Meistens gibt es ein ungestilltes Bed\u00fcrfnis in der Beziehung, physisch oder emotional. Manche haben vielleicht keine wirkliche Antwort auf Ihr \u201eWarum\u201c. Traurigerweise war es vielleicht einfach nur ein kleines Extra an Aufregung, der Nervenkitzel der Jagd.<\/span><\/p>\n<p><span>4. Widerstehen Sie dem Drang, selbst fremdzugehen. Zwei Fehler machen kein Recht. Sie denken, dass Sie sich so an Ihrem Partner r\u00e4chen werden. Dass Sie sich besser f\u00fchlen werden, wenn Sie es ihm oder ihr heimzahlen. Doch die Wahrheit ist, Sie werden sich nur schlechter f\u00fchlen \u2013 \u00fcber die Beziehung und \u00fcber sich selbst. Versuchen Sie stattdessen Nr. 5.<\/span><\/p>\n<p><span>5. Geben Sie ihm Zeit. Zeit heilt alle Wunden, so sagt man. Sprechen Sie mit Ihrem Partner, mit einem Profi, mit einem Eheberater oder mit allen zusammen. Sehen Sie, wohin Sie diese Beziehung f\u00fchren wollen, wohin sie f\u00fchren kann, oder ob sie bereits vorbei ist. Und dann gehen Sie zu Schritt #6 \u00fcber.<\/span><\/p>\n<p><span>6. Treffen Sie eine Entscheidung. Sie haben alles durchdacht. Sie kennen die Details. Sie haben mit einem Berater gesprochen und jetzt m\u00fcssen Sie entscheiden: Lohnt es sich, diese Beziehung zu retten? M\u00f6chten Sie die Zeit und Arbeit investieren, um die Dinge wieder in Ordnung zu bringen? K\u00f6nnen Sie daran arbeiten, Vertrauen aufzubauen? Ist die Liebe noch da? Oder ist es vorbei? Werden Sie Ihre Sachen packen, getrennte Wege gehen und ein neues Kapitel Ihres Lebens ohne einander beginnen?<\/span><\/p>\n<p><span>Nachdem Sie Schritte unternommen haben, um herauszufinden, ob Ihr Partner untreu ist, hoffen wir, dass Sie das Vertrauen mit diesen Personen wieder aufbauen k\u00f6nnen oder die Kraft finden, ein neues Kapitel in Ihrem Leben zu beginnen, sei es mit einem neuen Partner oder indem Sie das Alleinsein genie\u00dfen.<\/span><\/p>\n<p><span>Kennen Sie andere, die von AYC profitieren k\u00f6nnten? Treten Sie unserem\u00a0<a href=\"https:\/\/aycsite.com\/de\/associates\/\">Partnerprogramm<\/a>.<\/span><\/p>\n<p>[\/et_pb_text][\/et_pb_column][\/et_pb_row][\/et_pb_section]<\/p>","protected":false},"excerpt":{"rendered":"<p>Find Out if Your Partner is Cheating AYC Shows You How to Find Out if Your Partner is Cheating They\u2019re acting suspiciously. Things they have been saying and doing don\u2019t make sense. You caught them in lies. But how do you really know your partner has not been faithful? Find out if your partner is [&hellip;]<\/p>","protected":false},"author":1,"featured_media":0,"parent":0,"menu_order":0,"comment_status":"closed","ping_status":"closed","template":"","meta":{"_et_pb_use_builder":"on","_et_pb_old_content":"","_et_gb_content_width":"","pmpro_default_level":"","footnotes":""},"class_list":["post-18","page","type-page","status-publish","hentry","pmpro-has-access"],"aioseo_notices":[],"_links":{"self":[{"href":"https:\/\/aycsite.com\/de\/wp-json\/wp\/v2\/pages\/18","targetHints":{"allow":["GET"]}}],"collection":[{"href":"https:\/\/aycsite.com\/de\/wp-json\/wp\/v2\/pages"}],"about":[{"href":"https:\/\/aycsite.com\/de\/wp-json\/wp\/v2\/types\/page"}],"author":[{"embeddable":true,"href":"https:\/\/aycsite.com\/de\/wp-json\/wp\/v2\/users\/1"}],"replies":[{"embeddable":true,"href":"https:\/\/aycsite.com\/de\/wp-json\/wp\/v2\/comments?post=18"}],"version-history":[{"count":14,"href":"https:\/\/aycsite.com\/de\/wp-json\/wp\/v2\/pages\/18\/revisions"}],"predecessor-version":[{"id":226902,"href":"https:\/\/aycsite.com\/de\/wp-json\/wp\/v2\/pages\/18\/revisions\/226902"}],"wp:attachment":[{"href":"https:\/\/aycsite.com\/de\/wp-json\/wp\/v2\/media?parent=18"}],"curies":[{"name":"wp","href":"https:\/\/api.w.org\/{rel}","templated":true}]}}